{"id":57839,"date":"2023-03-28T08:19:18","date_gmt":"2023-03-28T06:19:18","guid":{"rendered":"https:\/\/garbanota.lt\/?post_type=product&#038;p=57839"},"modified":"2023-05-09T11:52:56","modified_gmt":"2023-05-09T09:52:56","slug":"fr-kelioninis-krepsys-frederika","status":"publish","type":"product","link":"https:\/\/garbanota.lt\/fr\/produktas\/fr-kelioninis-krepsys-frederika\/","title":{"rendered":"FR Kelioninis krep\u0161ys FREDERIKA"},"content":{"rendered":"\t\t<div data-elementor-type=\"wp-post\" data-elementor-id=\"12308\" class=\"elementor elementor-12308\">\n\t\t\t\t\t\t<section class=\"wd-negative-gap elementor-section elementor-top-section elementor-element elementor-element-c141ab1 elementor-section-boxed elementor-section-height-default elementor-section-height-default\" data-id=\"c141ab1\" data-element_type=\"section\">\n\t\t\t\t\t\t<div class=\"elementor-container elementor-column-gap-default\">\n\t\t\t\t\t<div class=\"elementor-column elementor-col-100 elementor-top-column elementor-element elementor-element-373840a8\" data-id=\"373840a8\" data-element_type=\"column\">\n\t\t\t<div class=\"elementor-widget-wrap elementor-element-populated\">\n\t\t\t\t\t\t<div class=\"elementor-element elementor-element-656dabc1 color-scheme-inherit text-left elementor-widget elementor-widget-text-editor\" data-id=\"656dabc1\" data-element_type=\"widget\" data-widget_type=\"text-editor.default\">\n\t\t\t\t<div class=\"elementor-widget-container\">\n\t\t\t\t\t\t\t\t\t<p dir=\"auto\">Kelioninis krep\u0161ys\u00a0\u2013 kai nori patogiai susid\u0117ti visk\u0105, ko reikia.<\/p><p>Talpi, prakti\u0161ka ir stilinga. Puikiai tiks trumpoms i\u0161vykoms, sportui ar aktyviai dienai mieste. Tai funkcionalumas, kuris atrodo gerai.<\/p><div><p dir=\"auto\">Audinys ir prie\u017ei\u016bra<\/p><div><div><p dir=\"auto\">Rankin\u0117 siuvama i\u0161 tvirto, \u0161iek tiek form\u0105 laikan\u010dio audinio, kuris sukurtas tarnauti ilgai. Audinio i\u0161vaizda primena zom\u0161\u0105.<\/p><p dir=\"auto\">Veli\u016bras primena barchat\u0105. Itin \u0161velnus, malonus lie\u010diant. \u017dvilga ir prabangiai atrodo.<\/p><p>Atsparus kasdieniam ne\u0161iojimui, i\u0161lieka gra\u017eus ir po daugyb\u0117s i\u0161\u0117jim\u0173.<\/p><p>Lengvai pri\u017ei\u016brimas \u2013 galima skalbti 30\u00b0C temperat\u016broje.<\/p><\/div><\/div><\/div><p><br \/>Matmenys:<br \/>M &#8211; 20\u00d740\u00d725cm. <br \/>L &#8211; 24\u00d747\u00d731cm. <br \/>Puikiai prisi\u017ei\u016bri, nes galima skalbti 30\u00b0C skalbimo ma\u0161ina.<\/p>\t\t\t\t\t\t\t\t<\/div>\n\t\t\t\t<\/div>\n\t\t\t\t\t<\/div>\n\t\t<\/div>\n\t\t\t\t\t<\/div>\n\t\t<\/section>\n\t\t\t\t<section class=\"wd-negative-gap elementor-section elementor-top-section elementor-element elementor-element-28b324a elementor-section-boxed elementor-section-height-default elementor-section-height-default\" data-id=\"28b324a\" data-element_type=\"section\">\n\t\t\t\t\t\t<div class=\"elementor-container elementor-column-gap-default\">\n\t\t\t\t\t<div class=\"elementor-column elementor-col-100 elementor-top-column elementor-element elementor-element-e1e9909\" data-id=\"e1e9909\" data-element_type=\"column\">\n\t\t\t<div class=\"elementor-widget-wrap elementor-element-populated\">\n\t\t\t\t\t\t<div class=\"elementor-element elementor-element-b66f7a8 wd-width-100 elementor-widget elementor-widget-wd_images_gallery\" data-id=\"b66f7a8\" data-element_type=\"widget\" data-widget_type=\"wd_images_gallery.default\">\n\t\t\t\t<div class=\"elementor-widget-container\">\n\t\t\t\t\t\t\t<div class=\"wd-images-gallery photoswipe-images\" style=\"--wd-align-items:center; --wd-justify-content:center;\">\n\t\t\t\t\t\t<div class=\"wd-grid-g\" style=\"--wd-col-lg:3;--wd-col-md:3;--wd-col-sm:1;--wd-gap-lg:0px;\" >\n\t\t\t\t\t\t\t\t\t\t\t\t\t\t\t\t\t\t<div class=\"wd-gallery-item wd-col\">\n\t\t\t\t\t\t\t\t\t\t\t\t\t<a  href=\"https:\/\/garbanota.lt\/wp-content\/uploads\/2023\/02\/KELIONINIS-KREPSYS-M.jpg\"data-width=\"1000\" data-height=\"944\" data-index=\"1\" data-elementor-open-lightbox=\"no\">\n\t\t\t\t\t\t\n\t\t\t\t\t\t<img decoding=\"async\" src=\"https:\/\/garbanota.lt\/wp-content\/uploads\/2023\/02\/KELIONINIS-KREPSYS-M-847x800.jpg\"alt=\"KELIONINIS-KREP\u0160YS-M\">\n\t\t\t\t\t\t\t\t\t\t\t\t\t<\/a>\n\t\t\t\t\t\t\t\t\t\t\t<\/div>\n\t\t\t\t\t\t\t\t\t\t\t\t\t\t\t<div class=\"wd-gallery-item wd-col\">\n\t\t\t\t\t\t\t\t\t\t\t\t\t<a  href=\"https:\/\/garbanota.lt\/wp-content\/uploads\/2023\/02\/KELIONINIS-KREPSYS-L.jpg\"data-width=\"1500\" data-height=\"1416\" data-index=\"2\" data-elementor-open-lightbox=\"no\">\n\t\t\t\t\t\t\n\t\t\t\t\t\t<img decoding=\"async\" src=\"https:\/\/garbanota.lt\/wp-content\/uploads\/2023\/02\/KELIONINIS-KREPSYS-L-847x800.jpg\"alt=\"KELIONINIS-KREPSYS-L\">\n\t\t\t\t\t\t\t\t\t\t\t\t\t<\/a>\n\t\t\t\t\t\t\t\t\t\t\t<\/div>\n\t\t\t\t\t\t\t\t\t\t\t\t\t<\/div>\n\t\t\t\t\t<\/div>\n\t\t\t\t\t\t<\/div>\n\t\t\t\t<\/div>\n\t\t\t\t\t<\/div>\n\t\t<\/div>\n\t\t\t\t\t<\/div>\n\t\t<\/section>\n\t\t\t\t<\/div>\n\t\t\n","protected":false},"excerpt":{"rendered":"[html_block id=\"12309\"]\n","protected":false},"featured_media":57760,"comment_status":"open","ping_status":"closed","template":"","meta":[],"product_brand":[],"product_cat":[944],"product_tag":[1016,990,1076,1086,989,1093,1017],"giftcard-category":[],"class_list":{"0":"post-57839","1":"product","2":"type-product","3":"status-publish","4":"has-post-thumbnail","6":"product_cat-sacs-de-voyage","7":"product_tag-gobelets-de-voyage","8":"product_tag-grandes-tasses","9":"product_tag-sacs-a-main-en-ligne","10":"product_tag-sacs-a-main-faits-main","11":"product_tag-sacs-a-main-larges-et-spacieux","12":"product_tag-sacs-de-sport","13":"product_tag-sacs-de-voyage","15":"first","16":"instock","17":"taxable","18":"shipping-taxable","19":"purchasable","20":"product-type-variable"},"yoast_head":"<!-- This site is optimized with the Yoast SEO plugin v24.7 - https:\/\/yoast.com\/wordpress\/plugins\/seo\/ -->\n<title>FR Kelioninis krep\u0161ys FREDERIKA - garbanota<\/title>\n<meta name=\"robots\" content=\"index, follow, max-snippet:-1, max-image-preview:large, max-video-preview:-1\" \/>\n<link rel=\"canonical\" href=\"https:\/\/garbanota.lt\/fr\/produktas\/fr-kelioninis-krepsys-frederika\/\" \/>\n<meta property=\"og:locale\" content=\"fr_FR\" \/>\n<meta property=\"og:type\" content=\"article\" \/>\n<meta property=\"og:title\" content=\"FR Kelioninis krep\u0161ys FREDERIKA - garbanota\" \/>\n<meta property=\"og:url\" content=\"https:\/\/garbanota.lt\/fr\/produktas\/fr-kelioninis-krepsys-frederika\/\" \/>\n<meta property=\"og:site_name\" content=\"garbanota\" \/>\n<meta property=\"article:modified_time\" content=\"2023-05-09T09:52:56+00:00\" \/>\n<meta property=\"og:image\" content=\"https:\/\/garbanota.lt\/wp-content\/uploads\/2023\/03\/DSC_9400_a-scaled.jpg\" \/>\n\t<meta property=\"og:image:width\" content=\"2560\" \/>\n\t<meta property=\"og:image:height\" content=\"1709\" \/>\n\t<meta property=\"og:image:type\" content=\"image\/jpeg\" \/>\n<meta name=\"twitter:card\" content=\"summary_large_image\" \/>\n<meta name=\"twitter:description\" content=\"[html_block id=&quot;12309&quot;]\" \/>\n<meta name=\"twitter:label1\" content=\"Dur\u00e9e de lecture estim\u00e9e\" \/>\n\t<meta name=\"twitter:data1\" content=\"1 minute\" \/>\n<script type=\"application\/ld+json\" class=\"yoast-schema-graph\">{\"@context\":\"https:\/\/schema.org\",\"@graph\":[{\"@type\":\"WebPage\",\"@id\":\"https:\/\/garbanota.lt\/fr\/produktas\/fr-kelioninis-krepsys-frederika\/\",\"url\":\"https:\/\/garbanota.lt\/fr\/produktas\/fr-kelioninis-krepsys-frederika\/\",\"name\":\"FR Kelioninis krep\u0161ys FREDERIKA - garbanota\",\"isPartOf\":{\"@id\":\"https:\/\/garbanota.lt\/fr\/#website\"},\"primaryImageOfPage\":{\"@id\":\"https:\/\/garbanota.lt\/fr\/produktas\/fr-kelioninis-krepsys-frederika\/#primaryimage\"},\"image\":{\"@id\":\"https:\/\/garbanota.lt\/fr\/produktas\/fr-kelioninis-krepsys-frederika\/#primaryimage\"},\"thumbnailUrl\":\"https:\/\/garbanota.lt\/wp-content\/uploads\/2023\/03\/DSC_9400_a-scaled.jpg\",\"datePublished\":\"2023-03-28T06:19:18+00:00\",\"dateModified\":\"2023-05-09T09:52:56+00:00\",\"breadcrumb\":{\"@id\":\"https:\/\/garbanota.lt\/fr\/produktas\/fr-kelioninis-krepsys-frederika\/#breadcrumb\"},\"inLanguage\":\"fr-FR\",\"potentialAction\":[{\"@type\":\"ReadAction\",\"target\":[\"https:\/\/garbanota.lt\/fr\/produktas\/fr-kelioninis-krepsys-frederika\/\"]}]},{\"@type\":\"ImageObject\",\"inLanguage\":\"fr-FR\",\"@id\":\"https:\/\/garbanota.lt\/fr\/produktas\/fr-kelioninis-krepsys-frederika\/#primaryimage\",\"url\":\"https:\/\/garbanota.lt\/wp-content\/uploads\/2023\/03\/DSC_9400_a-scaled.jpg\",\"contentUrl\":\"https:\/\/garbanota.lt\/wp-content\/uploads\/2023\/03\/DSC_9400_a-scaled.jpg\",\"width\":2560,\"height\":1709},{\"@type\":\"BreadcrumbList\",\"@id\":\"https:\/\/garbanota.lt\/fr\/produktas\/fr-kelioninis-krepsys-frederika\/#breadcrumb\",\"itemListElement\":[{\"@type\":\"ListItem\",\"position\":1,\"name\":\"Home\",\"item\":\"https:\/\/garbanota.lt\/fr\/\"},{\"@type\":\"ListItem\",\"position\":2,\"name\":\"Parduotuv\u0117\",\"item\":\"https:\/\/garbanota.lt\/parduotuve\/\"},{\"@type\":\"ListItem\",\"position\":3,\"name\":\"FR Kelioninis krep\u0161ys FREDERIKA\"}]},{\"@type\":\"WebSite\",\"@id\":\"https:\/\/garbanota.lt\/fr\/#website\",\"url\":\"https:\/\/garbanota.lt\/fr\/\",\"name\":\"garbanota\",\"description\":\"pagaminta lietuvoje\",\"potentialAction\":[{\"@type\":\"SearchAction\",\"target\":{\"@type\":\"EntryPoint\",\"urlTemplate\":\"https:\/\/garbanota.lt\/fr\/?s={search_term_string}\"},\"query-input\":{\"@type\":\"PropertyValueSpecification\",\"valueRequired\":true,\"valueName\":\"search_term_string\"}}],\"inLanguage\":\"fr-FR\"}]}<\/script>\n<!-- \/ Yoast SEO plugin. -->","yoast_head_json":{"title":"FR Kelioninis krep\u0161ys FREDERIKA - garbanota","robots":{"index":"index","follow":"follow","max-snippet":"max-snippet:-1","max-image-preview":"max-image-preview:large","max-video-preview":"max-video-preview:-1"},"canonical":"https:\/\/garbanota.lt\/fr\/produktas\/fr-kelioninis-krepsys-frederika\/","og_locale":"fr_FR","og_type":"article","og_title":"FR Kelioninis krep\u0161ys FREDERIKA - garbanota","og_url":"https:\/\/garbanota.lt\/fr\/produktas\/fr-kelioninis-krepsys-frederika\/","og_site_name":"garbanota","article_modified_time":"2023-05-09T09:52:56+00:00","og_image":[{"width":2560,"height":1709,"url":"https:\/\/garbanota.lt\/wp-content\/uploads\/2023\/03\/DSC_9400_a-scaled.jpg","type":"image\/jpeg"}],"twitter_card":"summary_large_image","twitter_description":"[html_block id=\"12309\"]","twitter_misc":{"Dur\u00e9e de lecture estim\u00e9e":"1 minute"},"schema":{"@context":"https:\/\/schema.org","@graph":[{"@type":"WebPage","@id":"https:\/\/garbanota.lt\/fr\/produktas\/fr-kelioninis-krepsys-frederika\/","url":"https:\/\/garbanota.lt\/fr\/produktas\/fr-kelioninis-krepsys-frederika\/","name":"FR Kelioninis krep\u0161ys FREDERIKA - garbanota","isPartOf":{"@id":"https:\/\/garbanota.lt\/fr\/#website"},"primaryImageOfPage":{"@id":"https:\/\/garbanota.lt\/fr\/produktas\/fr-kelioninis-krepsys-frederika\/#primaryimage"},"image":{"@id":"https:\/\/garbanota.lt\/fr\/produktas\/fr-kelioninis-krepsys-frederika\/#primaryimage"},"thumbnailUrl":"https:\/\/garbanota.lt\/wp-content\/uploads\/2023\/03\/DSC_9400_a-scaled.jpg","datePublished":"2023-03-28T06:19:18+00:00","dateModified":"2023-05-09T09:52:56+00:00","breadcrumb":{"@id":"https:\/\/garbanota.lt\/fr\/produktas\/fr-kelioninis-krepsys-frederika\/#breadcrumb"},"inLanguage":"fr-FR","potentialAction":[{"@type":"ReadAction","target":["https:\/\/garbanota.lt\/fr\/produktas\/fr-kelioninis-krepsys-frederika\/"]}]},{"@type":"ImageObject","inLanguage":"fr-FR","@id":"https:\/\/garbanota.lt\/fr\/produktas\/fr-kelioninis-krepsys-frederika\/#primaryimage","url":"https:\/\/garbanota.lt\/wp-content\/uploads\/2023\/03\/DSC_9400_a-scaled.jpg","contentUrl":"https:\/\/garbanota.lt\/wp-content\/uploads\/2023\/03\/DSC_9400_a-scaled.jpg","width":2560,"height":1709},{"@type":"BreadcrumbList","@id":"https:\/\/garbanota.lt\/fr\/produktas\/fr-kelioninis-krepsys-frederika\/#breadcrumb","itemListElement":[{"@type":"ListItem","position":1,"name":"Home","item":"https:\/\/garbanota.lt\/fr\/"},{"@type":"ListItem","position":2,"name":"Parduotuv\u0117","item":"https:\/\/garbanota.lt\/parduotuve\/"},{"@type":"ListItem","position":3,"name":"FR Kelioninis krep\u0161ys FREDERIKA"}]},{"@type":"WebSite","@id":"https:\/\/garbanota.lt\/fr\/#website","url":"https:\/\/garbanota.lt\/fr\/","name":"garbanota","description":"pagaminta lietuvoje","potentialAction":[{"@type":"SearchAction","target":{"@type":"EntryPoint","urlTemplate":"https:\/\/garbanota.lt\/fr\/?s={search_term_string}"},"query-input":{"@type":"PropertyValueSpecification","valueRequired":true,"valueName":"search_term_string"}}],"inLanguage":"fr-FR"}]}},"_links":{"self":[{"href":"https:\/\/garbanota.lt\/fr\/wp-json\/wp\/v2\/product\/57839"}],"collection":[{"href":"https:\/\/garbanota.lt\/fr\/wp-json\/wp\/v2\/product"}],"about":[{"href":"https:\/\/garbanota.lt\/fr\/wp-json\/wp\/v2\/types\/product"}],"replies":[{"embeddable":true,"href":"https:\/\/garbanota.lt\/fr\/wp-json\/wp\/v2\/comments?post=57839"}],"version-history":[{"count":2,"href":"https:\/\/garbanota.lt\/fr\/wp-json\/wp\/v2\/product\/57839\/revisions"}],"predecessor-version":[{"id":57841,"href":"https:\/\/garbanota.lt\/fr\/wp-json\/wp\/v2\/product\/57839\/revisions\/57841"}],"wp:featuredmedia":[{"embeddable":true,"href":"https:\/\/garbanota.lt\/fr\/wp-json\/wp\/v2\/media\/57760"}],"wp:attachment":[{"href":"https:\/\/garbanota.lt\/fr\/wp-json\/wp\/v2\/media?parent=57839"}],"wp:term":[{"taxonomy":"product_brand","embeddable":true,"href":"https:\/\/garbanota.lt\/fr\/wp-json\/wp\/v2\/product_brand?post=57839"},{"taxonomy":"product_cat","embeddable":true,"href":"https:\/\/garbanota.lt\/fr\/wp-json\/wp\/v2\/product_cat?post=57839"},{"taxonomy":"product_tag","embeddable":true,"href":"https:\/\/garbanota.lt\/fr\/wp-json\/wp\/v2\/product_tag?post=57839"},{"taxonomy":"giftcard-category","embeddable":true,"href":"https:\/\/garbanota.lt\/fr\/wp-json\/wp\/v2\/giftcard-category?post=57839"}],"curies":[{"name":"wp","href":"https:\/\/api.w.org\/{rel}","templated":true}]}}