{"id":49789,"date":"2023-02-18T20:57:33","date_gmt":"2023-02-18T18:57:33","guid":{"rendered":"https:\/\/garbanota.lt\/?post_type=product&#038;p=49789"},"modified":"2025-10-04T14:55:26","modified_gmt":"2025-10-04T11:55:26","slug":"garbanota-gift-card","status":"publish","type":"product","link":"https:\/\/garbanota.lt\/en\/product\/garbanota-gift-card\/","title":{"rendered":"Garbanota Gift card"},"content":{"rendered":"","protected":false},"excerpt":{"rendered":"<div dir=\"auto\">By giving a gift card you give the freedom to choose. This gift voucher is a perfect gift for her. My creations are diverse, so every girl will find something she likes &amp; I\u2019ll be very happy if someone really likes your gift!!!<\/div>\n<div dir=\"auto\">\n","protected":false},"featured_media":61791,"comment_status":"open","ping_status":"closed","template":"","meta":[],"product_brand":[],"product_cat":[725],"product_tag":[],"giftcard-category":[],"class_list":{"0":"post-49789","1":"product","2":"type-product","3":"status-publish","4":"has-post-thumbnail","6":"product_cat-gift-cards","8":"first","9":"instock","10":"virtual","11":"taxable","12":"purchasable","13":"product-type-gift-card"},"yoast_head":"<!-- This site is optimized with the Yoast SEO plugin v24.7 - https:\/\/yoast.com\/wordpress\/plugins\/seo\/ -->\n<title>Garbanota Gift card - Autorini\u0173 Garbanota gamini\u0173 e-parduotuv\u0117<\/title>\n<meta name=\"robots\" content=\"index, follow, max-snippet:-1, max-image-preview:large, max-video-preview:-1\" \/>\n<link rel=\"canonical\" href=\"https:\/\/garbanota.lt\/en\/product\/garbanota-gift-card\/\" \/>\n<meta property=\"og:locale\" content=\"en_US\" \/>\n<meta property=\"og:type\" content=\"article\" \/>\n<meta property=\"og:title\" content=\"Garbanota Gift card - Autorini\u0173 Garbanota gamini\u0173 e-parduotuv\u0117\" \/>\n<meta property=\"og:description\" content=\"By giving a gift card you give the freedom to choose. This gift voucher is a perfect gift for her. My creations are diverse, so every girl will find something she likes &amp; I\u2019ll be very happy if someone really likes your gift!!!\" \/>\n<meta property=\"og:url\" content=\"https:\/\/garbanota.lt\/en\/product\/garbanota-gift-card\/\" \/>\n<meta property=\"og:site_name\" content=\"Autorini\u0173 Garbanota gamini\u0173 e-parduotuv\u0117\" \/>\n<meta property=\"article:modified_time\" content=\"2025-10-04T11:55:26+00:00\" \/>\n<meta property=\"og:image\" content=\"https:\/\/garbanota.lt\/wp-content\/uploads\/2023\/02\/image_6487327.jpg\" \/>\n\t<meta property=\"og:image:width\" content=\"1599\" \/>\n\t<meta property=\"og:image:height\" content=\"1600\" \/>\n\t<meta property=\"og:image:type\" content=\"image\/jpeg\" \/>\n<meta name=\"twitter:card\" content=\"summary_large_image\" \/>\n<script type=\"application\/ld+json\" class=\"yoast-schema-graph\">{\"@context\":\"https:\/\/schema.org\",\"@graph\":[{\"@type\":\"WebPage\",\"@id\":\"https:\/\/garbanota.lt\/en\/product\/garbanota-gift-card\/\",\"url\":\"https:\/\/garbanota.lt\/en\/product\/garbanota-gift-card\/\",\"name\":\"Garbanota Gift card - Autorini\u0173 Garbanota gamini\u0173 e-parduotuv\u0117\",\"isPartOf\":{\"@id\":\"https:\/\/garbanota.lt\/en\/#website\"},\"primaryImageOfPage\":{\"@id\":\"https:\/\/garbanota.lt\/en\/product\/garbanota-gift-card\/#primaryimage\"},\"image\":{\"@id\":\"https:\/\/garbanota.lt\/en\/product\/garbanota-gift-card\/#primaryimage\"},\"thumbnailUrl\":\"https:\/\/garbanota.lt\/wp-content\/uploads\/2023\/02\/image_6487327.jpg\",\"datePublished\":\"2023-02-18T18:57:33+00:00\",\"dateModified\":\"2025-10-04T11:55:26+00:00\",\"breadcrumb\":{\"@id\":\"https:\/\/garbanota.lt\/en\/product\/garbanota-gift-card\/#breadcrumb\"},\"inLanguage\":\"en-US\",\"potentialAction\":[{\"@type\":\"ReadAction\",\"target\":[\"https:\/\/garbanota.lt\/en\/product\/garbanota-gift-card\/\"]}]},{\"@type\":\"ImageObject\",\"inLanguage\":\"en-US\",\"@id\":\"https:\/\/garbanota.lt\/en\/product\/garbanota-gift-card\/#primaryimage\",\"url\":\"https:\/\/garbanota.lt\/wp-content\/uploads\/2023\/02\/image_6487327.jpg\",\"contentUrl\":\"https:\/\/garbanota.lt\/wp-content\/uploads\/2023\/02\/image_6487327.jpg\",\"width\":1599,\"height\":1600},{\"@type\":\"BreadcrumbList\",\"@id\":\"https:\/\/garbanota.lt\/en\/product\/garbanota-gift-card\/#breadcrumb\",\"itemListElement\":[{\"@type\":\"ListItem\",\"position\":1,\"name\":\"Home\",\"item\":\"https:\/\/garbanota.lt\/en\/\"},{\"@type\":\"ListItem\",\"position\":2,\"name\":\"Parduotuv\u0117\",\"item\":\"https:\/\/garbanota.lt\/parduotuve\/\"},{\"@type\":\"ListItem\",\"position\":3,\"name\":\"Garbanota Gift card\"}]},{\"@type\":\"WebSite\",\"@id\":\"https:\/\/garbanota.lt\/en\/#website\",\"url\":\"https:\/\/garbanota.lt\/en\/\",\"name\":\"Autorini\u0173 Garbanota gamini\u0173 e-parduotuv\u0117\",\"description\":\"Kuprin\u0117s, rankinukai, rankin\u0117s, kosmetin\u0117s, kelioniniai krep\u0161iai, rank\u0161luos\u010diai, puodeliai, telefon\u0173 d\u0117kliukai ir kt. gaminiai\",\"potentialAction\":[{\"@type\":\"SearchAction\",\"target\":{\"@type\":\"EntryPoint\",\"urlTemplate\":\"https:\/\/garbanota.lt\/en\/?s={search_term_string}\"},\"query-input\":{\"@type\":\"PropertyValueSpecification\",\"valueRequired\":true,\"valueName\":\"search_term_string\"}}],\"inLanguage\":\"en-US\"}]}<\/script>\n<!-- \/ Yoast SEO plugin. -->","yoast_head_json":{"title":"Garbanota Gift card - Autorini\u0173 Garbanota gamini\u0173 e-parduotuv\u0117","robots":{"index":"index","follow":"follow","max-snippet":"max-snippet:-1","max-image-preview":"max-image-preview:large","max-video-preview":"max-video-preview:-1"},"canonical":"https:\/\/garbanota.lt\/en\/product\/garbanota-gift-card\/","og_locale":"en_US","og_type":"article","og_title":"Garbanota Gift card - Autorini\u0173 Garbanota gamini\u0173 e-parduotuv\u0117","og_description":"By giving a gift card you give the freedom to choose. This gift voucher is a perfect gift for her. My creations are diverse, so every girl will find something she likes &amp; I\u2019ll be very happy if someone really likes your gift!!!","og_url":"https:\/\/garbanota.lt\/en\/product\/garbanota-gift-card\/","og_site_name":"Autorini\u0173 Garbanota gamini\u0173 e-parduotuv\u0117","article_modified_time":"2025-10-04T11:55:26+00:00","og_image":[{"width":1599,"height":1600,"url":"https:\/\/garbanota.lt\/wp-content\/uploads\/2023\/02\/image_6487327.jpg","type":"image\/jpeg"}],"twitter_card":"summary_large_image","schema":{"@context":"https:\/\/schema.org","@graph":[{"@type":"WebPage","@id":"https:\/\/garbanota.lt\/en\/product\/garbanota-gift-card\/","url":"https:\/\/garbanota.lt\/en\/product\/garbanota-gift-card\/","name":"Garbanota Gift card - Autorini\u0173 Garbanota gamini\u0173 e-parduotuv\u0117","isPartOf":{"@id":"https:\/\/garbanota.lt\/en\/#website"},"primaryImageOfPage":{"@id":"https:\/\/garbanota.lt\/en\/product\/garbanota-gift-card\/#primaryimage"},"image":{"@id":"https:\/\/garbanota.lt\/en\/product\/garbanota-gift-card\/#primaryimage"},"thumbnailUrl":"https:\/\/garbanota.lt\/wp-content\/uploads\/2023\/02\/image_6487327.jpg","datePublished":"2023-02-18T18:57:33+00:00","dateModified":"2025-10-04T11:55:26+00:00","breadcrumb":{"@id":"https:\/\/garbanota.lt\/en\/product\/garbanota-gift-card\/#breadcrumb"},"inLanguage":"en-US","potentialAction":[{"@type":"ReadAction","target":["https:\/\/garbanota.lt\/en\/product\/garbanota-gift-card\/"]}]},{"@type":"ImageObject","inLanguage":"en-US","@id":"https:\/\/garbanota.lt\/en\/product\/garbanota-gift-card\/#primaryimage","url":"https:\/\/garbanota.lt\/wp-content\/uploads\/2023\/02\/image_6487327.jpg","contentUrl":"https:\/\/garbanota.lt\/wp-content\/uploads\/2023\/02\/image_6487327.jpg","width":1599,"height":1600},{"@type":"BreadcrumbList","@id":"https:\/\/garbanota.lt\/en\/product\/garbanota-gift-card\/#breadcrumb","itemListElement":[{"@type":"ListItem","position":1,"name":"Home","item":"https:\/\/garbanota.lt\/en\/"},{"@type":"ListItem","position":2,"name":"Parduotuv\u0117","item":"https:\/\/garbanota.lt\/parduotuve\/"},{"@type":"ListItem","position":3,"name":"Garbanota Gift card"}]},{"@type":"WebSite","@id":"https:\/\/garbanota.lt\/en\/#website","url":"https:\/\/garbanota.lt\/en\/","name":"Autorini\u0173 Garbanota gamini\u0173 e-parduotuv\u0117","description":"Kuprin\u0117s, rankinukai, rankin\u0117s, kosmetin\u0117s, kelioniniai krep\u0161iai, rank\u0161luos\u010diai, puodeliai, telefon\u0173 d\u0117kliukai ir kt. gaminiai","potentialAction":[{"@type":"SearchAction","target":{"@type":"EntryPoint","urlTemplate":"https:\/\/garbanota.lt\/en\/?s={search_term_string}"},"query-input":{"@type":"PropertyValueSpecification","valueRequired":true,"valueName":"search_term_string"}}],"inLanguage":"en-US"}]}},"_links":{"self":[{"href":"https:\/\/garbanota.lt\/en\/wp-json\/wp\/v2\/product\/49789"}],"collection":[{"href":"https:\/\/garbanota.lt\/en\/wp-json\/wp\/v2\/product"}],"about":[{"href":"https:\/\/garbanota.lt\/en\/wp-json\/wp\/v2\/types\/product"}],"replies":[{"embeddable":true,"href":"https:\/\/garbanota.lt\/en\/wp-json\/wp\/v2\/comments?post=49789"}],"version-history":[{"count":3,"href":"https:\/\/garbanota.lt\/en\/wp-json\/wp\/v2\/product\/49789\/revisions"}],"predecessor-version":[{"id":49792,"href":"https:\/\/garbanota.lt\/en\/wp-json\/wp\/v2\/product\/49789\/revisions\/49792"}],"wp:featuredmedia":[{"embeddable":true,"href":"https:\/\/garbanota.lt\/en\/wp-json\/wp\/v2\/media\/61791"}],"wp:attachment":[{"href":"https:\/\/garbanota.lt\/en\/wp-json\/wp\/v2\/media?parent=49789"}],"wp:term":[{"taxonomy":"product_brand","embeddable":true,"href":"https:\/\/garbanota.lt\/en\/wp-json\/wp\/v2\/product_brand?post=49789"},{"taxonomy":"product_cat","embeddable":true,"href":"https:\/\/garbanota.lt\/en\/wp-json\/wp\/v2\/product_cat?post=49789"},{"taxonomy":"product_tag","embeddable":true,"href":"https:\/\/garbanota.lt\/en\/wp-json\/wp\/v2\/product_tag?post=49789"},{"taxonomy":"giftcard-category","embeddable":true,"href":"https:\/\/garbanota.lt\/en\/wp-json\/wp\/v2\/giftcard-category?post=49789"}],"curies":[{"name":"wp","href":"https:\/\/api.w.org\/{rel}","templated":true}]}}