{"id":46636,"date":"2022-10-03T18:08:38","date_gmt":"2022-10-03T18:08:38","guid":{"rendered":"https:\/\/new.garbanota.lt\/?post_type=product&#038;p=46636"},"modified":"2022-10-24T02:28:56","modified_gmt":"2022-10-24T02:28:56","slug":"cap-for-kids-kitten-lightly-pink","status":"publish","type":"product","link":"https:\/\/garbanota.lt\/en\/product\/cap-for-kids-kitten-lightly-pink\/","title":{"rendered":"Cap for kids kitten, lightly pink"},"content":{"rendered":"<p>100% cotton<\/p>\n\n<p>&nbsp;<\/p>\n","protected":false},"excerpt":{"rendered":"[html_block id=\"12391\"]\n","protected":false},"featured_media":25311,"comment_status":"open","ping_status":"closed","template":"","meta":[],"product_brand":[],"product_cat":[713,697],"product_tag":[],"giftcard-category":[],"class_list":{"0":"post-46636","1":"product","2":"type-product","3":"status-publish","4":"has-post-thumbnail","6":"product_cat-caps-for-kids","7":"product_cat-for-kids","9":"first","10":"instock","11":"taxable","12":"shipping-taxable","13":"purchasable","14":"product-type-simple"},"yoast_head":"<!-- This site is optimized with the Yoast SEO plugin v24.7 - https:\/\/yoast.com\/wordpress\/plugins\/seo\/ -->\n<title>Cap for kids kitten, lightly pink - Autorini\u0173 Garbanota gamini\u0173 e-parduotuv\u0117<\/title>\n<meta name=\"robots\" content=\"index, follow, max-snippet:-1, max-image-preview:large, max-video-preview:-1\" \/>\n<link rel=\"canonical\" href=\"https:\/\/garbanota.lt\/en\/product\/cap-for-kids-kitten-lightly-pink\/\" \/>\n<meta property=\"og:locale\" content=\"en_US\" \/>\n<meta property=\"og:type\" content=\"article\" \/>\n<meta property=\"og:title\" content=\"Cap for kids kitten, lightly pink - Autorini\u0173 Garbanota gamini\u0173 e-parduotuv\u0117\" \/>\n<meta property=\"og:url\" content=\"https:\/\/garbanota.lt\/en\/product\/cap-for-kids-kitten-lightly-pink\/\" \/>\n<meta property=\"og:site_name\" content=\"Autorini\u0173 Garbanota gamini\u0173 e-parduotuv\u0117\" \/>\n<meta property=\"article:modified_time\" content=\"2022-10-24T02:28:56+00:00\" \/>\n<meta property=\"og:image\" content=\"https:\/\/garbanota.lt\/wp-content\/uploads\/2022\/10\/viber_image_2022-05-26_11-15-26-498.jpg\" \/>\n\t<meta property=\"og:image:width\" content=\"1200\" \/>\n\t<meta property=\"og:image:height\" content=\"1600\" \/>\n\t<meta property=\"og:image:type\" content=\"image\/jpeg\" \/>\n<meta name=\"twitter:card\" content=\"summary_large_image\" \/>\n<meta name=\"twitter:description\" content=\"[html_block id=&quot;12391&quot;]\" \/>\n<script type=\"application\/ld+json\" class=\"yoast-schema-graph\">{\"@context\":\"https:\/\/schema.org\",\"@graph\":[{\"@type\":\"WebPage\",\"@id\":\"https:\/\/garbanota.lt\/en\/product\/cap-for-kids-kitten-lightly-pink\/\",\"url\":\"https:\/\/garbanota.lt\/en\/product\/cap-for-kids-kitten-lightly-pink\/\",\"name\":\"Cap for kids kitten, lightly pink - Autorini\u0173 Garbanota gamini\u0173 e-parduotuv\u0117\",\"isPartOf\":{\"@id\":\"https:\/\/garbanota.lt\/en\/#website\"},\"primaryImageOfPage\":{\"@id\":\"https:\/\/garbanota.lt\/en\/product\/cap-for-kids-kitten-lightly-pink\/#primaryimage\"},\"image\":{\"@id\":\"https:\/\/garbanota.lt\/en\/product\/cap-for-kids-kitten-lightly-pink\/#primaryimage\"},\"thumbnailUrl\":\"https:\/\/garbanota.lt\/wp-content\/uploads\/2022\/10\/viber_image_2022-05-26_11-15-26-498.jpg\",\"datePublished\":\"2022-10-03T18:08:38+00:00\",\"dateModified\":\"2022-10-24T02:28:56+00:00\",\"breadcrumb\":{\"@id\":\"https:\/\/garbanota.lt\/en\/product\/cap-for-kids-kitten-lightly-pink\/#breadcrumb\"},\"inLanguage\":\"en-US\",\"potentialAction\":[{\"@type\":\"ReadAction\",\"target\":[\"https:\/\/garbanota.lt\/en\/product\/cap-for-kids-kitten-lightly-pink\/\"]}]},{\"@type\":\"ImageObject\",\"inLanguage\":\"en-US\",\"@id\":\"https:\/\/garbanota.lt\/en\/product\/cap-for-kids-kitten-lightly-pink\/#primaryimage\",\"url\":\"https:\/\/garbanota.lt\/wp-content\/uploads\/2022\/10\/viber_image_2022-05-26_11-15-26-498.jpg\",\"contentUrl\":\"https:\/\/garbanota.lt\/wp-content\/uploads\/2022\/10\/viber_image_2022-05-26_11-15-26-498.jpg\",\"width\":1200,\"height\":1600},{\"@type\":\"BreadcrumbList\",\"@id\":\"https:\/\/garbanota.lt\/en\/product\/cap-for-kids-kitten-lightly-pink\/#breadcrumb\",\"itemListElement\":[{\"@type\":\"ListItem\",\"position\":1,\"name\":\"Home\",\"item\":\"https:\/\/garbanota.lt\/en\/\"},{\"@type\":\"ListItem\",\"position\":2,\"name\":\"Parduotuv\u0117\",\"item\":\"https:\/\/garbanota.lt\/parduotuve\/\"},{\"@type\":\"ListItem\",\"position\":3,\"name\":\"Cap for kids kitten, lightly pink\"}]},{\"@type\":\"WebSite\",\"@id\":\"https:\/\/garbanota.lt\/en\/#website\",\"url\":\"https:\/\/garbanota.lt\/en\/\",\"name\":\"Autorini\u0173 Garbanota gamini\u0173 e-parduotuv\u0117\",\"description\":\"Kuprin\u0117s, rankinukai, rankin\u0117s, kosmetin\u0117s, kelioniniai krep\u0161iai, rank\u0161luos\u010diai, puodeliai, telefon\u0173 d\u0117kliukai ir kt. gaminiai\",\"potentialAction\":[{\"@type\":\"SearchAction\",\"target\":{\"@type\":\"EntryPoint\",\"urlTemplate\":\"https:\/\/garbanota.lt\/en\/?s={search_term_string}\"},\"query-input\":{\"@type\":\"PropertyValueSpecification\",\"valueRequired\":true,\"valueName\":\"search_term_string\"}}],\"inLanguage\":\"en-US\"}]}<\/script>\n<!-- \/ Yoast SEO plugin. -->","yoast_head_json":{"title":"Cap for kids kitten, lightly pink - Autorini\u0173 Garbanota gamini\u0173 e-parduotuv\u0117","robots":{"index":"index","follow":"follow","max-snippet":"max-snippet:-1","max-image-preview":"max-image-preview:large","max-video-preview":"max-video-preview:-1"},"canonical":"https:\/\/garbanota.lt\/en\/product\/cap-for-kids-kitten-lightly-pink\/","og_locale":"en_US","og_type":"article","og_title":"Cap for kids kitten, lightly pink - Autorini\u0173 Garbanota gamini\u0173 e-parduotuv\u0117","og_url":"https:\/\/garbanota.lt\/en\/product\/cap-for-kids-kitten-lightly-pink\/","og_site_name":"Autorini\u0173 Garbanota gamini\u0173 e-parduotuv\u0117","article_modified_time":"2022-10-24T02:28:56+00:00","og_image":[{"width":1200,"height":1600,"url":"https:\/\/garbanota.lt\/wp-content\/uploads\/2022\/10\/viber_image_2022-05-26_11-15-26-498.jpg","type":"image\/jpeg"}],"twitter_card":"summary_large_image","twitter_description":"[html_block id=\"12391\"]","schema":{"@context":"https:\/\/schema.org","@graph":[{"@type":"WebPage","@id":"https:\/\/garbanota.lt\/en\/product\/cap-for-kids-kitten-lightly-pink\/","url":"https:\/\/garbanota.lt\/en\/product\/cap-for-kids-kitten-lightly-pink\/","name":"Cap for kids kitten, lightly pink - Autorini\u0173 Garbanota gamini\u0173 e-parduotuv\u0117","isPartOf":{"@id":"https:\/\/garbanota.lt\/en\/#website"},"primaryImageOfPage":{"@id":"https:\/\/garbanota.lt\/en\/product\/cap-for-kids-kitten-lightly-pink\/#primaryimage"},"image":{"@id":"https:\/\/garbanota.lt\/en\/product\/cap-for-kids-kitten-lightly-pink\/#primaryimage"},"thumbnailUrl":"https:\/\/garbanota.lt\/wp-content\/uploads\/2022\/10\/viber_image_2022-05-26_11-15-26-498.jpg","datePublished":"2022-10-03T18:08:38+00:00","dateModified":"2022-10-24T02:28:56+00:00","breadcrumb":{"@id":"https:\/\/garbanota.lt\/en\/product\/cap-for-kids-kitten-lightly-pink\/#breadcrumb"},"inLanguage":"en-US","potentialAction":[{"@type":"ReadAction","target":["https:\/\/garbanota.lt\/en\/product\/cap-for-kids-kitten-lightly-pink\/"]}]},{"@type":"ImageObject","inLanguage":"en-US","@id":"https:\/\/garbanota.lt\/en\/product\/cap-for-kids-kitten-lightly-pink\/#primaryimage","url":"https:\/\/garbanota.lt\/wp-content\/uploads\/2022\/10\/viber_image_2022-05-26_11-15-26-498.jpg","contentUrl":"https:\/\/garbanota.lt\/wp-content\/uploads\/2022\/10\/viber_image_2022-05-26_11-15-26-498.jpg","width":1200,"height":1600},{"@type":"BreadcrumbList","@id":"https:\/\/garbanota.lt\/en\/product\/cap-for-kids-kitten-lightly-pink\/#breadcrumb","itemListElement":[{"@type":"ListItem","position":1,"name":"Home","item":"https:\/\/garbanota.lt\/en\/"},{"@type":"ListItem","position":2,"name":"Parduotuv\u0117","item":"https:\/\/garbanota.lt\/parduotuve\/"},{"@type":"ListItem","position":3,"name":"Cap for kids kitten, lightly pink"}]},{"@type":"WebSite","@id":"https:\/\/garbanota.lt\/en\/#website","url":"https:\/\/garbanota.lt\/en\/","name":"Autorini\u0173 Garbanota gamini\u0173 e-parduotuv\u0117","description":"Kuprin\u0117s, rankinukai, rankin\u0117s, kosmetin\u0117s, kelioniniai krep\u0161iai, rank\u0161luos\u010diai, puodeliai, telefon\u0173 d\u0117kliukai ir kt. gaminiai","potentialAction":[{"@type":"SearchAction","target":{"@type":"EntryPoint","urlTemplate":"https:\/\/garbanota.lt\/en\/?s={search_term_string}"},"query-input":{"@type":"PropertyValueSpecification","valueRequired":true,"valueName":"search_term_string"}}],"inLanguage":"en-US"}]}},"_links":{"self":[{"href":"https:\/\/garbanota.lt\/en\/wp-json\/wp\/v2\/product\/46636"}],"collection":[{"href":"https:\/\/garbanota.lt\/en\/wp-json\/wp\/v2\/product"}],"about":[{"href":"https:\/\/garbanota.lt\/en\/wp-json\/wp\/v2\/types\/product"}],"replies":[{"embeddable":true,"href":"https:\/\/garbanota.lt\/en\/wp-json\/wp\/v2\/comments?post=46636"}],"version-history":[{"count":2,"href":"https:\/\/garbanota.lt\/en\/wp-json\/wp\/v2\/product\/46636\/revisions"}],"predecessor-version":[{"id":46638,"href":"https:\/\/garbanota.lt\/en\/wp-json\/wp\/v2\/product\/46636\/revisions\/46638"}],"wp:featuredmedia":[{"embeddable":true,"href":"https:\/\/garbanota.lt\/en\/wp-json\/wp\/v2\/media\/25311"}],"wp:attachment":[{"href":"https:\/\/garbanota.lt\/en\/wp-json\/wp\/v2\/media?parent=46636"}],"wp:term":[{"taxonomy":"product_brand","embeddable":true,"href":"https:\/\/garbanota.lt\/en\/wp-json\/wp\/v2\/product_brand?post=46636"},{"taxonomy":"product_cat","embeddable":true,"href":"https:\/\/garbanota.lt\/en\/wp-json\/wp\/v2\/product_cat?post=46636"},{"taxonomy":"product_tag","embeddable":true,"href":"https:\/\/garbanota.lt\/en\/wp-json\/wp\/v2\/product_tag?post=46636"},{"taxonomy":"giftcard-category","embeddable":true,"href":"https:\/\/garbanota.lt\/en\/wp-json\/wp\/v2\/giftcard-category?post=46636"}],"curies":[{"name":"wp","href":"https:\/\/api.w.org\/{rel}","templated":true}]}}