{"id":45996,"date":"2022-10-03T18:03:27","date_gmt":"2022-10-03T18:03:27","guid":{"rendered":"https:\/\/new.garbanota.lt\/?post_type=product&#038;p=45996"},"modified":"2022-10-24T01:39:30","modified_gmt":"2022-10-24T01:39:30","slug":"t-shirt-black-wolf-burgundy","status":"publish","type":"product","link":"https:\/\/garbanota.lt\/en\/product\/t-shirt-black-wolf-burgundy\/","title":{"rendered":"T-shirt black wolf, burgundy"},"content":{"rendered":"<div dir=\"auto\">\n<div dir=\"auto\">\t\t<div data-elementor-type=\"wp-post\" data-elementor-id=\"12350\" class=\"elementor elementor-12350\">\n\t\t\t\t\t\t<section class=\"wd-negative-gap elementor-section elementor-top-section elementor-element elementor-element-a25b534 elementor-section-boxed elementor-section-height-default elementor-section-height-default\" data-id=\"a25b534\" data-element_type=\"section\">\n\t\t\t\t\t\t<div class=\"elementor-container elementor-column-gap-default\">\n\t\t\t\t\t<div class=\"elementor-column elementor-col-100 elementor-top-column elementor-element elementor-element-fbfc2f6\" data-id=\"fbfc2f6\" data-element_type=\"column\">\n\t\t\t<div class=\"elementor-widget-wrap elementor-element-populated\">\n\t\t\t\t\t\t<div class=\"elementor-element elementor-element-204f521 elementor-widget elementor-widget-wd_image_or_svg\" data-id=\"204f521\" data-element_type=\"widget\" data-widget_type=\"wd_image_or_svg.default\">\n\t\t\t\t<div class=\"elementor-widget-container\">\n\t\t\t\t\t\n\t\t<div class=\"wd-image text-left photoswipe-images\">\n\t\t\t\t\t\t\t<a  href=\"https:\/\/garbanota.lt\/wp-content\/uploads\/2023\/02\/medvilniniai-vyr-marskineliai-dydziai.jpg\"data-width=\"1000\" data-height=\"944\" data-elementor-open-lightbox=\"no\" aria-label=\"Image link\">\n\t\t\t\t\t\t\t\t<img fetchpriority=\"high\" decoding=\"async\" width=\"600\" height=\"566\" src=\"https:\/\/garbanota.lt\/wp-content\/uploads\/2023\/02\/medvilniniai-vyr-marskineliai-dydziai-600x566.jpg\" class=\"attachment-medium size-medium\" alt=\"\" srcset=\"https:\/\/garbanota.lt\/wp-content\/uploads\/2023\/02\/medvilniniai-vyr-marskineliai-dydziai-600x566.jpg 600w, https:\/\/garbanota.lt\/wp-content\/uploads\/2023\/02\/medvilniniai-vyr-marskineliai-dydziai-847x800.jpg 847w, https:\/\/garbanota.lt\/wp-content\/uploads\/2023\/02\/medvilniniai-vyr-marskineliai-dydziai-768x725.jpg 768w, https:\/\/garbanota.lt\/wp-content\/uploads\/2023\/02\/medvilniniai-vyr-marskineliai-dydziai-700x661.jpg 700w, https:\/\/garbanota.lt\/wp-content\/uploads\/2023\/02\/medvilniniai-vyr-marskineliai-dydziai-150x142.jpg 150w, https:\/\/garbanota.lt\/wp-content\/uploads\/2023\/02\/medvilniniai-vyr-marskineliai-dydziai.jpg 1000w\" sizes=\"(max-width: 600px) 100vw, 600px\" \/>\t\t\t\t\t\t\t<\/a>\n\t\t\t\t\t<\/div>\n\n\t\t\t\t\t\t<\/div>\n\t\t\t\t<\/div>\n\t\t\t\t\t<\/div>\n\t\t<\/div>\n\t\t\t\t\t<\/div>\n\t\t<\/section>\n\t\t\t\t<\/div>\n\t\t<\/div>\n<\/div>\n","protected":false},"excerpt":{"rendered":"[html_block id=\"12349\"]\n","protected":false},"featured_media":24682,"comment_status":"open","ping_status":"closed","template":"","meta":[],"product_brand":[],"product_cat":[654,719,720],"product_tag":[],"giftcard-category":[],"class_list":{"0":"post-45996","1":"product","2":"type-product","3":"status-publish","4":"has-post-thumbnail","6":"product_cat-clothes","7":"product_cat-for-men","8":"product_cat-t-shirts-for-men","10":"first","11":"instock","12":"taxable","13":"shipping-taxable","14":"purchasable","15":"product-type-variable"},"yoast_head":"<!-- This site is optimized with the Yoast SEO plugin v24.7 - https:\/\/yoast.com\/wordpress\/plugins\/seo\/ -->\n<title>T-shirt black wolf, burgundy - Autorini\u0173 Garbanota gamini\u0173 e-parduotuv\u0117<\/title>\n<meta name=\"robots\" content=\"index, follow, max-snippet:-1, max-image-preview:large, max-video-preview:-1\" \/>\n<link rel=\"canonical\" href=\"https:\/\/garbanota.lt\/en\/product\/t-shirt-black-wolf-burgundy\/\" \/>\n<meta property=\"og:locale\" content=\"en_US\" \/>\n<meta property=\"og:type\" content=\"article\" \/>\n<meta property=\"og:title\" content=\"T-shirt black wolf, burgundy - Autorini\u0173 Garbanota gamini\u0173 e-parduotuv\u0117\" \/>\n<meta property=\"og:url\" content=\"https:\/\/garbanota.lt\/en\/product\/t-shirt-black-wolf-burgundy\/\" \/>\n<meta property=\"og:site_name\" content=\"Autorini\u0173 Garbanota gamini\u0173 e-parduotuv\u0117\" \/>\n<meta property=\"article:modified_time\" content=\"2022-10-24T01:39:30+00:00\" \/>\n<meta property=\"og:image\" content=\"https:\/\/garbanota.lt\/wp-content\/uploads\/2022\/10\/0-02-0a-13b7ff0c345681b675f54f6d716f3946c08f79368176cfcf82fab2a5019412cb_5394647814858a49.jpg\" \/>\n\t<meta property=\"og:image:width\" content=\"1200\" \/>\n\t<meta property=\"og:image:height\" content=\"1600\" \/>\n\t<meta property=\"og:image:type\" content=\"image\/jpeg\" \/>\n<meta name=\"twitter:card\" content=\"summary_large_image\" \/>\n<meta name=\"twitter:description\" content=\"[html_block id=&quot;12349&quot;]\" \/>\n<script type=\"application\/ld+json\" class=\"yoast-schema-graph\">{\"@context\":\"https:\/\/schema.org\",\"@graph\":[{\"@type\":\"WebPage\",\"@id\":\"https:\/\/garbanota.lt\/en\/product\/t-shirt-black-wolf-burgundy\/\",\"url\":\"https:\/\/garbanota.lt\/en\/product\/t-shirt-black-wolf-burgundy\/\",\"name\":\"T-shirt black wolf, burgundy - Autorini\u0173 Garbanota gamini\u0173 e-parduotuv\u0117\",\"isPartOf\":{\"@id\":\"https:\/\/garbanota.lt\/en\/#website\"},\"primaryImageOfPage\":{\"@id\":\"https:\/\/garbanota.lt\/en\/product\/t-shirt-black-wolf-burgundy\/#primaryimage\"},\"image\":{\"@id\":\"https:\/\/garbanota.lt\/en\/product\/t-shirt-black-wolf-burgundy\/#primaryimage\"},\"thumbnailUrl\":\"https:\/\/garbanota.lt\/wp-content\/uploads\/2022\/10\/0-02-0a-13b7ff0c345681b675f54f6d716f3946c08f79368176cfcf82fab2a5019412cb_5394647814858a49.jpg\",\"datePublished\":\"2022-10-03T18:03:27+00:00\",\"dateModified\":\"2022-10-24T01:39:30+00:00\",\"breadcrumb\":{\"@id\":\"https:\/\/garbanota.lt\/en\/product\/t-shirt-black-wolf-burgundy\/#breadcrumb\"},\"inLanguage\":\"en-US\",\"potentialAction\":[{\"@type\":\"ReadAction\",\"target\":[\"https:\/\/garbanota.lt\/en\/product\/t-shirt-black-wolf-burgundy\/\"]}]},{\"@type\":\"ImageObject\",\"inLanguage\":\"en-US\",\"@id\":\"https:\/\/garbanota.lt\/en\/product\/t-shirt-black-wolf-burgundy\/#primaryimage\",\"url\":\"https:\/\/garbanota.lt\/wp-content\/uploads\/2022\/10\/0-02-0a-13b7ff0c345681b675f54f6d716f3946c08f79368176cfcf82fab2a5019412cb_5394647814858a49.jpg\",\"contentUrl\":\"https:\/\/garbanota.lt\/wp-content\/uploads\/2022\/10\/0-02-0a-13b7ff0c345681b675f54f6d716f3946c08f79368176cfcf82fab2a5019412cb_5394647814858a49.jpg\",\"width\":1200,\"height\":1600},{\"@type\":\"BreadcrumbList\",\"@id\":\"https:\/\/garbanota.lt\/en\/product\/t-shirt-black-wolf-burgundy\/#breadcrumb\",\"itemListElement\":[{\"@type\":\"ListItem\",\"position\":1,\"name\":\"Home\",\"item\":\"https:\/\/garbanota.lt\/en\/\"},{\"@type\":\"ListItem\",\"position\":2,\"name\":\"Parduotuv\u0117\",\"item\":\"https:\/\/garbanota.lt\/parduotuve\/\"},{\"@type\":\"ListItem\",\"position\":3,\"name\":\"T-shirt black wolf, burgundy\"}]},{\"@type\":\"WebSite\",\"@id\":\"https:\/\/garbanota.lt\/en\/#website\",\"url\":\"https:\/\/garbanota.lt\/en\/\",\"name\":\"Autorini\u0173 Garbanota gamini\u0173 e-parduotuv\u0117\",\"description\":\"Kuprin\u0117s, rankinukai, rankin\u0117s, kosmetin\u0117s, kelioniniai krep\u0161iai, rank\u0161luos\u010diai, puodeliai, telefon\u0173 d\u0117kliukai ir kt. gaminiai\",\"potentialAction\":[{\"@type\":\"SearchAction\",\"target\":{\"@type\":\"EntryPoint\",\"urlTemplate\":\"https:\/\/garbanota.lt\/en\/?s={search_term_string}\"},\"query-input\":{\"@type\":\"PropertyValueSpecification\",\"valueRequired\":true,\"valueName\":\"search_term_string\"}}],\"inLanguage\":\"en-US\"}]}<\/script>\n<!-- \/ Yoast SEO plugin. -->","yoast_head_json":{"title":"T-shirt black wolf, burgundy - Autorini\u0173 Garbanota gamini\u0173 e-parduotuv\u0117","robots":{"index":"index","follow":"follow","max-snippet":"max-snippet:-1","max-image-preview":"max-image-preview:large","max-video-preview":"max-video-preview:-1"},"canonical":"https:\/\/garbanota.lt\/en\/product\/t-shirt-black-wolf-burgundy\/","og_locale":"en_US","og_type":"article","og_title":"T-shirt black wolf, burgundy - Autorini\u0173 Garbanota gamini\u0173 e-parduotuv\u0117","og_url":"https:\/\/garbanota.lt\/en\/product\/t-shirt-black-wolf-burgundy\/","og_site_name":"Autorini\u0173 Garbanota gamini\u0173 e-parduotuv\u0117","article_modified_time":"2022-10-24T01:39:30+00:00","og_image":[{"width":1200,"height":1600,"url":"https:\/\/garbanota.lt\/wp-content\/uploads\/2022\/10\/0-02-0a-13b7ff0c345681b675f54f6d716f3946c08f79368176cfcf82fab2a5019412cb_5394647814858a49.jpg","type":"image\/jpeg"}],"twitter_card":"summary_large_image","twitter_description":"[html_block id=\"12349\"]","schema":{"@context":"https:\/\/schema.org","@graph":[{"@type":"WebPage","@id":"https:\/\/garbanota.lt\/en\/product\/t-shirt-black-wolf-burgundy\/","url":"https:\/\/garbanota.lt\/en\/product\/t-shirt-black-wolf-burgundy\/","name":"T-shirt black wolf, burgundy - Autorini\u0173 Garbanota gamini\u0173 e-parduotuv\u0117","isPartOf":{"@id":"https:\/\/garbanota.lt\/en\/#website"},"primaryImageOfPage":{"@id":"https:\/\/garbanota.lt\/en\/product\/t-shirt-black-wolf-burgundy\/#primaryimage"},"image":{"@id":"https:\/\/garbanota.lt\/en\/product\/t-shirt-black-wolf-burgundy\/#primaryimage"},"thumbnailUrl":"https:\/\/garbanota.lt\/wp-content\/uploads\/2022\/10\/0-02-0a-13b7ff0c345681b675f54f6d716f3946c08f79368176cfcf82fab2a5019412cb_5394647814858a49.jpg","datePublished":"2022-10-03T18:03:27+00:00","dateModified":"2022-10-24T01:39:30+00:00","breadcrumb":{"@id":"https:\/\/garbanota.lt\/en\/product\/t-shirt-black-wolf-burgundy\/#breadcrumb"},"inLanguage":"en-US","potentialAction":[{"@type":"ReadAction","target":["https:\/\/garbanota.lt\/en\/product\/t-shirt-black-wolf-burgundy\/"]}]},{"@type":"ImageObject","inLanguage":"en-US","@id":"https:\/\/garbanota.lt\/en\/product\/t-shirt-black-wolf-burgundy\/#primaryimage","url":"https:\/\/garbanota.lt\/wp-content\/uploads\/2022\/10\/0-02-0a-13b7ff0c345681b675f54f6d716f3946c08f79368176cfcf82fab2a5019412cb_5394647814858a49.jpg","contentUrl":"https:\/\/garbanota.lt\/wp-content\/uploads\/2022\/10\/0-02-0a-13b7ff0c345681b675f54f6d716f3946c08f79368176cfcf82fab2a5019412cb_5394647814858a49.jpg","width":1200,"height":1600},{"@type":"BreadcrumbList","@id":"https:\/\/garbanota.lt\/en\/product\/t-shirt-black-wolf-burgundy\/#breadcrumb","itemListElement":[{"@type":"ListItem","position":1,"name":"Home","item":"https:\/\/garbanota.lt\/en\/"},{"@type":"ListItem","position":2,"name":"Parduotuv\u0117","item":"https:\/\/garbanota.lt\/parduotuve\/"},{"@type":"ListItem","position":3,"name":"T-shirt black wolf, burgundy"}]},{"@type":"WebSite","@id":"https:\/\/garbanota.lt\/en\/#website","url":"https:\/\/garbanota.lt\/en\/","name":"Autorini\u0173 Garbanota gamini\u0173 e-parduotuv\u0117","description":"Kuprin\u0117s, rankinukai, rankin\u0117s, kosmetin\u0117s, kelioniniai krep\u0161iai, rank\u0161luos\u010diai, puodeliai, telefon\u0173 d\u0117kliukai ir kt. gaminiai","potentialAction":[{"@type":"SearchAction","target":{"@type":"EntryPoint","urlTemplate":"https:\/\/garbanota.lt\/en\/?s={search_term_string}"},"query-input":{"@type":"PropertyValueSpecification","valueRequired":true,"valueName":"search_term_string"}}],"inLanguage":"en-US"}]}},"_links":{"self":[{"href":"https:\/\/garbanota.lt\/en\/wp-json\/wp\/v2\/product\/45996"}],"collection":[{"href":"https:\/\/garbanota.lt\/en\/wp-json\/wp\/v2\/product"}],"about":[{"href":"https:\/\/garbanota.lt\/en\/wp-json\/wp\/v2\/types\/product"}],"replies":[{"embeddable":true,"href":"https:\/\/garbanota.lt\/en\/wp-json\/wp\/v2\/comments?post=45996"}],"version-history":[{"count":2,"href":"https:\/\/garbanota.lt\/en\/wp-json\/wp\/v2\/product\/45996\/revisions"}],"predecessor-version":[{"id":45998,"href":"https:\/\/garbanota.lt\/en\/wp-json\/wp\/v2\/product\/45996\/revisions\/45998"}],"wp:featuredmedia":[{"embeddable":true,"href":"https:\/\/garbanota.lt\/en\/wp-json\/wp\/v2\/media\/24682"}],"wp:attachment":[{"href":"https:\/\/garbanota.lt\/en\/wp-json\/wp\/v2\/media?parent=45996"}],"wp:term":[{"taxonomy":"product_brand","embeddable":true,"href":"https:\/\/garbanota.lt\/en\/wp-json\/wp\/v2\/product_brand?post=45996"},{"taxonomy":"product_cat","embeddable":true,"href":"https:\/\/garbanota.lt\/en\/wp-json\/wp\/v2\/product_cat?post=45996"},{"taxonomy":"product_tag","embeddable":true,"href":"https:\/\/garbanota.lt\/en\/wp-json\/wp\/v2\/product_tag?post=45996"},{"taxonomy":"giftcard-category","embeddable":true,"href":"https:\/\/garbanota.lt\/en\/wp-json\/wp\/v2\/giftcard-category?post=45996"}],"curies":[{"name":"wp","href":"https:\/\/api.w.org\/{rel}","templated":true}]}}