{"id":44121,"date":"2022-10-03T17:45:58","date_gmt":"2022-10-03T15:45:58","guid":{"rendered":"https:\/\/new.garbanota.lt\/?post_type=product&#038;p=44121"},"modified":"2022-10-23T23:06:19","modified_gmt":"2022-10-23T23:06:19","slug":"cushion-lolita","status":"publish","type":"product","link":"https:\/\/garbanota.lt\/en\/product\/cushion-lolita\/","title":{"rendered":"Cushion Lolita"},"content":{"rendered":"<p>45\u00d745cm.<br \/>\nU\u017esegamos u\u017etrauktuku, viduje kam\u0161alas (PAPILDOMAI U\u017dSAKOMAS).<br \/>\nVeli\u016bras primena barchat\u0105. Mink\u0161tas ir \u0161velnus. Puikiai ne\u0161iojasi, gerai skalbiasi 30\u00b0C.<\/p>\n\n","protected":false},"excerpt":{"rendered":"<p>Pagalv\u0117l\u0117s dvipus\u0117s. Vienoje pus\u0117je LOLITA, kitoje pus\u0117je LOLITA paveikslo motyvas. Tod\u0117l pagalv\u0117les galite d\u0117lioti skirtingai. 1. LOLITA pus\u0117 + LOLITA; 2. LOLITA pus\u0117 + LOLITA paveikslo motyvas; 3. LOLITA paveikslo motyvo pus\u0117 + LOLITA paveikslo motyvas. Papuo\u0161k savo interjer\u0105 su garbanota pagalv\u0117l\u0117mis!<\/p>\n","protected":false},"featured_media":19608,"comment_status":"open","ping_status":"closed","template":"","meta":[],"product_brand":[],"product_cat":[679,685],"product_tag":[],"giftcard-category":[],"class_list":{"0":"post-44121","1":"product","2":"type-product","3":"status-publish","4":"has-post-thumbnail","6":"product_cat-for-home","7":"product_cat-throw-pillows","9":"first","10":"instock","11":"taxable","12":"shipping-taxable","13":"purchasable","14":"product-type-simple"},"yoast_head":"<!-- This site is optimized with the Yoast SEO plugin v24.7 - https:\/\/yoast.com\/wordpress\/plugins\/seo\/ -->\n<title>Cushion Lolita - Autorini\u0173 Garbanota gamini\u0173 e-parduotuv\u0117<\/title>\n<meta name=\"robots\" content=\"index, follow, max-snippet:-1, max-image-preview:large, max-video-preview:-1\" \/>\n<link rel=\"canonical\" href=\"https:\/\/garbanota.lt\/en\/product\/cushion-lolita\/\" \/>\n<meta property=\"og:locale\" content=\"en_US\" \/>\n<meta property=\"og:type\" content=\"article\" \/>\n<meta property=\"og:title\" content=\"Cushion Lolita - Autorini\u0173 Garbanota gamini\u0173 e-parduotuv\u0117\" \/>\n<meta property=\"og:description\" content=\"Pagalv\u0117l\u0117s dvipus\u0117s. Vienoje pus\u0117je LOLITA, kitoje pus\u0117je LOLITA paveikslo motyvas. Tod\u0117l pagalv\u0117les galite d\u0117lioti skirtingai. 1. LOLITA pus\u0117 + LOLITA; 2. LOLITA pus\u0117 + LOLITA paveikslo motyvas; 3. LOLITA paveikslo motyvo pus\u0117 + LOLITA paveikslo motyvas. Papuo\u0161k savo interjer\u0105 su garbanota pagalv\u0117l\u0117mis!\" \/>\n<meta property=\"og:url\" content=\"https:\/\/garbanota.lt\/en\/product\/cushion-lolita\/\" \/>\n<meta property=\"og:site_name\" content=\"Autorini\u0173 Garbanota gamini\u0173 e-parduotuv\u0117\" \/>\n<meta property=\"article:modified_time\" content=\"2022-10-23T23:06:19+00:00\" \/>\n<meta property=\"og:image\" content=\"https:\/\/garbanota.lt\/wp-content\/uploads\/2022\/10\/13-lolit.jpg\" \/>\n\t<meta property=\"og:image:width\" content=\"1500\" \/>\n\t<meta property=\"og:image:height\" content=\"1500\" \/>\n\t<meta property=\"og:image:type\" content=\"image\/jpeg\" \/>\n<meta name=\"twitter:card\" content=\"summary_large_image\" \/>\n<script type=\"application\/ld+json\" class=\"yoast-schema-graph\">{\"@context\":\"https:\/\/schema.org\",\"@graph\":[{\"@type\":\"WebPage\",\"@id\":\"https:\/\/garbanota.lt\/en\/product\/cushion-lolita\/\",\"url\":\"https:\/\/garbanota.lt\/en\/product\/cushion-lolita\/\",\"name\":\"Cushion Lolita - Autorini\u0173 Garbanota gamini\u0173 e-parduotuv\u0117\",\"isPartOf\":{\"@id\":\"https:\/\/garbanota.lt\/en\/#website\"},\"primaryImageOfPage\":{\"@id\":\"https:\/\/garbanota.lt\/en\/product\/cushion-lolita\/#primaryimage\"},\"image\":{\"@id\":\"https:\/\/garbanota.lt\/en\/product\/cushion-lolita\/#primaryimage\"},\"thumbnailUrl\":\"https:\/\/garbanota.lt\/wp-content\/uploads\/2022\/10\/13-lolit.jpg\",\"datePublished\":\"2022-10-03T15:45:58+00:00\",\"dateModified\":\"2022-10-23T23:06:19+00:00\",\"breadcrumb\":{\"@id\":\"https:\/\/garbanota.lt\/en\/product\/cushion-lolita\/#breadcrumb\"},\"inLanguage\":\"en-US\",\"potentialAction\":[{\"@type\":\"ReadAction\",\"target\":[\"https:\/\/garbanota.lt\/en\/product\/cushion-lolita\/\"]}]},{\"@type\":\"ImageObject\",\"inLanguage\":\"en-US\",\"@id\":\"https:\/\/garbanota.lt\/en\/product\/cushion-lolita\/#primaryimage\",\"url\":\"https:\/\/garbanota.lt\/wp-content\/uploads\/2022\/10\/13-lolit.jpg\",\"contentUrl\":\"https:\/\/garbanota.lt\/wp-content\/uploads\/2022\/10\/13-lolit.jpg\",\"width\":1500,\"height\":1500},{\"@type\":\"BreadcrumbList\",\"@id\":\"https:\/\/garbanota.lt\/en\/product\/cushion-lolita\/#breadcrumb\",\"itemListElement\":[{\"@type\":\"ListItem\",\"position\":1,\"name\":\"Home\",\"item\":\"https:\/\/garbanota.lt\/en\/\"},{\"@type\":\"ListItem\",\"position\":2,\"name\":\"Parduotuv\u0117\",\"item\":\"https:\/\/garbanota.lt\/parduotuve\/\"},{\"@type\":\"ListItem\",\"position\":3,\"name\":\"Cushion Lolita\"}]},{\"@type\":\"WebSite\",\"@id\":\"https:\/\/garbanota.lt\/en\/#website\",\"url\":\"https:\/\/garbanota.lt\/en\/\",\"name\":\"Autorini\u0173 Garbanota gamini\u0173 e-parduotuv\u0117\",\"description\":\"Kuprin\u0117s, rankinukai, rankin\u0117s, kosmetin\u0117s, kelioniniai krep\u0161iai, rank\u0161luos\u010diai, puodeliai, telefon\u0173 d\u0117kliukai ir kt. gaminiai\",\"potentialAction\":[{\"@type\":\"SearchAction\",\"target\":{\"@type\":\"EntryPoint\",\"urlTemplate\":\"https:\/\/garbanota.lt\/en\/?s={search_term_string}\"},\"query-input\":{\"@type\":\"PropertyValueSpecification\",\"valueRequired\":true,\"valueName\":\"search_term_string\"}}],\"inLanguage\":\"en-US\"}]}<\/script>\n<!-- \/ Yoast SEO plugin. -->","yoast_head_json":{"title":"Cushion Lolita - Autorini\u0173 Garbanota gamini\u0173 e-parduotuv\u0117","robots":{"index":"index","follow":"follow","max-snippet":"max-snippet:-1","max-image-preview":"max-image-preview:large","max-video-preview":"max-video-preview:-1"},"canonical":"https:\/\/garbanota.lt\/en\/product\/cushion-lolita\/","og_locale":"en_US","og_type":"article","og_title":"Cushion Lolita - Autorini\u0173 Garbanota gamini\u0173 e-parduotuv\u0117","og_description":"Pagalv\u0117l\u0117s dvipus\u0117s. Vienoje pus\u0117je LOLITA, kitoje pus\u0117je LOLITA paveikslo motyvas. Tod\u0117l pagalv\u0117les galite d\u0117lioti skirtingai. 1. LOLITA pus\u0117 + LOLITA; 2. LOLITA pus\u0117 + LOLITA paveikslo motyvas; 3. LOLITA paveikslo motyvo pus\u0117 + LOLITA paveikslo motyvas. Papuo\u0161k savo interjer\u0105 su garbanota pagalv\u0117l\u0117mis!","og_url":"https:\/\/garbanota.lt\/en\/product\/cushion-lolita\/","og_site_name":"Autorini\u0173 Garbanota gamini\u0173 e-parduotuv\u0117","article_modified_time":"2022-10-23T23:06:19+00:00","og_image":[{"width":1500,"height":1500,"url":"https:\/\/garbanota.lt\/wp-content\/uploads\/2022\/10\/13-lolit.jpg","type":"image\/jpeg"}],"twitter_card":"summary_large_image","schema":{"@context":"https:\/\/schema.org","@graph":[{"@type":"WebPage","@id":"https:\/\/garbanota.lt\/en\/product\/cushion-lolita\/","url":"https:\/\/garbanota.lt\/en\/product\/cushion-lolita\/","name":"Cushion Lolita - Autorini\u0173 Garbanota gamini\u0173 e-parduotuv\u0117","isPartOf":{"@id":"https:\/\/garbanota.lt\/en\/#website"},"primaryImageOfPage":{"@id":"https:\/\/garbanota.lt\/en\/product\/cushion-lolita\/#primaryimage"},"image":{"@id":"https:\/\/garbanota.lt\/en\/product\/cushion-lolita\/#primaryimage"},"thumbnailUrl":"https:\/\/garbanota.lt\/wp-content\/uploads\/2022\/10\/13-lolit.jpg","datePublished":"2022-10-03T15:45:58+00:00","dateModified":"2022-10-23T23:06:19+00:00","breadcrumb":{"@id":"https:\/\/garbanota.lt\/en\/product\/cushion-lolita\/#breadcrumb"},"inLanguage":"en-US","potentialAction":[{"@type":"ReadAction","target":["https:\/\/garbanota.lt\/en\/product\/cushion-lolita\/"]}]},{"@type":"ImageObject","inLanguage":"en-US","@id":"https:\/\/garbanota.lt\/en\/product\/cushion-lolita\/#primaryimage","url":"https:\/\/garbanota.lt\/wp-content\/uploads\/2022\/10\/13-lolit.jpg","contentUrl":"https:\/\/garbanota.lt\/wp-content\/uploads\/2022\/10\/13-lolit.jpg","width":1500,"height":1500},{"@type":"BreadcrumbList","@id":"https:\/\/garbanota.lt\/en\/product\/cushion-lolita\/#breadcrumb","itemListElement":[{"@type":"ListItem","position":1,"name":"Home","item":"https:\/\/garbanota.lt\/en\/"},{"@type":"ListItem","position":2,"name":"Parduotuv\u0117","item":"https:\/\/garbanota.lt\/parduotuve\/"},{"@type":"ListItem","position":3,"name":"Cushion Lolita"}]},{"@type":"WebSite","@id":"https:\/\/garbanota.lt\/en\/#website","url":"https:\/\/garbanota.lt\/en\/","name":"Autorini\u0173 Garbanota gamini\u0173 e-parduotuv\u0117","description":"Kuprin\u0117s, rankinukai, rankin\u0117s, kosmetin\u0117s, kelioniniai krep\u0161iai, rank\u0161luos\u010diai, puodeliai, telefon\u0173 d\u0117kliukai ir kt. gaminiai","potentialAction":[{"@type":"SearchAction","target":{"@type":"EntryPoint","urlTemplate":"https:\/\/garbanota.lt\/en\/?s={search_term_string}"},"query-input":{"@type":"PropertyValueSpecification","valueRequired":true,"valueName":"search_term_string"}}],"inLanguage":"en-US"}]}},"_links":{"self":[{"href":"https:\/\/garbanota.lt\/en\/wp-json\/wp\/v2\/product\/44121"}],"collection":[{"href":"https:\/\/garbanota.lt\/en\/wp-json\/wp\/v2\/product"}],"about":[{"href":"https:\/\/garbanota.lt\/en\/wp-json\/wp\/v2\/types\/product"}],"replies":[{"embeddable":true,"href":"https:\/\/garbanota.lt\/en\/wp-json\/wp\/v2\/comments?post=44121"}],"version-history":[{"count":2,"href":"https:\/\/garbanota.lt\/en\/wp-json\/wp\/v2\/product\/44121\/revisions"}],"predecessor-version":[{"id":44123,"href":"https:\/\/garbanota.lt\/en\/wp-json\/wp\/v2\/product\/44121\/revisions\/44123"}],"wp:featuredmedia":[{"embeddable":true,"href":"https:\/\/garbanota.lt\/en\/wp-json\/wp\/v2\/media\/19608"}],"wp:attachment":[{"href":"https:\/\/garbanota.lt\/en\/wp-json\/wp\/v2\/media?parent=44121"}],"wp:term":[{"taxonomy":"product_brand","embeddable":true,"href":"https:\/\/garbanota.lt\/en\/wp-json\/wp\/v2\/product_brand?post=44121"},{"taxonomy":"product_cat","embeddable":true,"href":"https:\/\/garbanota.lt\/en\/wp-json\/wp\/v2\/product_cat?post=44121"},{"taxonomy":"product_tag","embeddable":true,"href":"https:\/\/garbanota.lt\/en\/wp-json\/wp\/v2\/product_tag?post=44121"},{"taxonomy":"giftcard-category","embeddable":true,"href":"https:\/\/garbanota.lt\/en\/wp-json\/wp\/v2\/giftcard-category?post=44121"}],"curies":[{"name":"wp","href":"https:\/\/api.w.org\/{rel}","templated":true}]}}