{"id":42104,"date":"2022-10-03T15:35:18","date_gmt":"2022-10-03T12:35:18","guid":{"rendered":"https:\/\/new.garbanota.lt\/?post_type=product&#038;p=42104"},"modified":"2022-10-23T20:03:45","modified_gmt":"2022-10-23T20:03:45","slug":"handbag-jungle","status":"publish","type":"product","link":"https:\/\/garbanota.lt\/en\/product\/handbag-jungle\/","title":{"rendered":"Handbag Jungle"},"content":{"rendered":"\t\t<div data-elementor-type=\"wp-post\" data-elementor-id=\"12839\" class=\"elementor elementor-12839 elementor-12279\">\n\t\t\t\t\t\t<section class=\"wd-negative-gap elementor-section elementor-top-section elementor-element elementor-element-625b287b elementor-section-boxed elementor-section-height-default elementor-section-height-default\" data-id=\"625b287b\" data-element_type=\"section\">\n\t\t\t\t\t\t<div class=\"elementor-container elementor-column-gap-default\">\n\t\t\t\t\t<div class=\"elementor-column elementor-col-100 elementor-top-column elementor-element elementor-element-5a1949de\" data-id=\"5a1949de\" data-element_type=\"column\">\n\t\t\t<div class=\"elementor-widget-wrap elementor-element-populated\">\n\t\t\t\t\t\t<div class=\"elementor-element elementor-element-7e3cbbdf color-scheme-inherit text-left elementor-widget elementor-widget-text-editor\" data-id=\"7e3cbbdf\" data-element_type=\"widget\" data-widget_type=\"text-editor.default\">\n\t\t\t\t<div class=\"elementor-widget-container\">\n\t\t\t\t\t\t\t\t\t<p>Handbags are handmade of 100% polyester. Fabric is robust, durable, well washable at 30 \u00b0 C.<br \/>\nSmooth or velour fabric is available. Velour is soft, gentle, resembles velvet. Smooth fabric resembles linen. Both are well worn, and it&#8217;s just a matter of taste to choose one or another.<\/p>\n<div dir=\"auto\">&nbsp;<\/div>\n<p><\/p>\t\t\t\t\t\t\t\t<\/div>\n\t\t\t\t<\/div>\n\t\t\t\t\t<\/div>\n\t\t<\/div>\n\t\t\t\t\t<\/div>\n\t\t<\/section>\n\t\t\t\t<section class=\"wd-negative-gap elementor-section elementor-top-section elementor-element elementor-element-95949c8 elementor-section-boxed elementor-section-height-default elementor-section-height-default\" data-id=\"95949c8\" data-element_type=\"section\">\n\t\t\t\t\t\t<div class=\"elementor-container elementor-column-gap-default\">\n\t\t\t\t\t<div class=\"elementor-column elementor-col-100 elementor-top-column elementor-element elementor-element-95b3b07\" data-id=\"95b3b07\" data-element_type=\"column\">\n\t\t\t<div class=\"elementor-widget-wrap elementor-element-populated\">\n\t\t\t\t\t\t<div class=\"elementor-element elementor-element-d45d6bb wd-width-100 elementor-widget elementor-widget-wd_images_gallery\" data-id=\"d45d6bb\" data-element_type=\"widget\" data-widget_type=\"wd_images_gallery.default\">\n\t\t\t\t<div class=\"elementor-widget-container\">\n\t\t\t\t\t\t\t<div class=\"wd-images-gallery photoswipe-images\" style=\"--wd-align-items:center; --wd-justify-content:center;\">\n\t\t\t\t\t\t<div class=\"wd-grid-g\" style=\"--wd-col-lg:3;--wd-col-md:3;--wd-col-sm:1;--wd-gap-lg:0px;\" >\n\t\t\t\t\t\t\t\t\t\t\t\t\t\t\t\t\t\t<div class=\"wd-gallery-item wd-col\">\n\t\t\t\t\t\t\t\t\t\t\t\t\t<a  href=\"https:\/\/garbanota.lt\/wp-content\/uploads\/2023\/05\/3p_katalogas_a5_TOTES.jpg\"data-width=\"1000\" data-height=\"1402\" data-index=\"1\" data-elementor-open-lightbox=\"no\">\n\t\t\t\t\t\t\n\t\t\t\t\t\t<img decoding=\"async\" src=\"https:\/\/garbanota.lt\/wp-content\/uploads\/2023\/05\/3p_katalogas_a5_TOTES-571x800.jpg\"alt=\"3p_katalogas_a5_TOTES\">\n\t\t\t\t\t\t\t\t\t\t\t\t\t<\/a>\n\t\t\t\t\t\t\t\t\t\t\t<\/div>\n\t\t\t\t\t\t\t\t\t\t\t\t\t<\/div>\n\t\t\t\t\t<\/div>\n\t\t\t\t\t\t<\/div>\n\t\t\t\t<\/div>\n\t\t\t\t\t<\/div>\n\t\t<\/div>\n\t\t\t\t\t<\/div>\n\t\t<\/section>\n\t\t\t\t<\/div>\n\t\t\n","protected":false},"excerpt":{"rendered":"[html_block id=\"12280\"]\n","protected":false},"featured_media":16502,"comment_status":"open","ping_status":"closed","template":"","meta":[],"product_brand":[],"product_cat":[674],"product_tag":[],"giftcard-category":[],"class_list":{"0":"post-42104","1":"product","2":"type-product","3":"status-publish","4":"has-post-thumbnail","6":"product_cat-handbags","8":"first","9":"instock","10":"taxable","11":"shipping-taxable","12":"purchasable","13":"product-type-variable"},"yoast_head":"<!-- This site is optimized with the Yoast SEO plugin v24.7 - https:\/\/yoast.com\/wordpress\/plugins\/seo\/ -->\n<title>Handbag Jungle - Autorini\u0173 Garbanota gamini\u0173 e-parduotuv\u0117<\/title>\n<meta name=\"robots\" content=\"index, follow, max-snippet:-1, max-image-preview:large, max-video-preview:-1\" \/>\n<link rel=\"canonical\" href=\"https:\/\/garbanota.lt\/en\/product\/handbag-jungle\/\" \/>\n<meta property=\"og:locale\" content=\"en_US\" \/>\n<meta property=\"og:type\" content=\"article\" \/>\n<meta property=\"og:title\" content=\"Handbag Jungle - Autorini\u0173 Garbanota gamini\u0173 e-parduotuv\u0117\" \/>\n<meta property=\"og:url\" content=\"https:\/\/garbanota.lt\/en\/product\/handbag-jungle\/\" \/>\n<meta property=\"og:site_name\" content=\"Autorini\u0173 Garbanota gamini\u0173 e-parduotuv\u0117\" \/>\n<meta property=\"article:modified_time\" content=\"2022-10-23T20:03:45+00:00\" \/>\n<meta property=\"og:image\" content=\"https:\/\/garbanota.lt\/wp-content\/uploads\/2022\/10\/0-02-0a-6a03aa27a30df8e0c21bc58ee59efd3ffc9b5dce14303bc87691537b3be3fcd6_fdaa7db.jpg\" \/>\n\t<meta property=\"og:image:width\" content=\"1600\" \/>\n\t<meta property=\"og:image:height\" content=\"1067\" \/>\n\t<meta property=\"og:image:type\" content=\"image\/jpeg\" \/>\n<meta name=\"twitter:card\" content=\"summary_large_image\" \/>\n<meta name=\"twitter:description\" content=\"[html_block id=&quot;12280&quot;]\" \/>\n<script type=\"application\/ld+json\" class=\"yoast-schema-graph\">{\"@context\":\"https:\/\/schema.org\",\"@graph\":[{\"@type\":\"WebPage\",\"@id\":\"https:\/\/garbanota.lt\/en\/product\/handbag-jungle\/\",\"url\":\"https:\/\/garbanota.lt\/en\/product\/handbag-jungle\/\",\"name\":\"Handbag Jungle - Autorini\u0173 Garbanota gamini\u0173 e-parduotuv\u0117\",\"isPartOf\":{\"@id\":\"https:\/\/garbanota.lt\/en\/#website\"},\"primaryImageOfPage\":{\"@id\":\"https:\/\/garbanota.lt\/en\/product\/handbag-jungle\/#primaryimage\"},\"image\":{\"@id\":\"https:\/\/garbanota.lt\/en\/product\/handbag-jungle\/#primaryimage\"},\"thumbnailUrl\":\"https:\/\/garbanota.lt\/wp-content\/uploads\/2022\/10\/0-02-0a-6a03aa27a30df8e0c21bc58ee59efd3ffc9b5dce14303bc87691537b3be3fcd6_fdaa7db.jpg\",\"datePublished\":\"2022-10-03T12:35:18+00:00\",\"dateModified\":\"2022-10-23T20:03:45+00:00\",\"breadcrumb\":{\"@id\":\"https:\/\/garbanota.lt\/en\/product\/handbag-jungle\/#breadcrumb\"},\"inLanguage\":\"en-US\",\"potentialAction\":[{\"@type\":\"ReadAction\",\"target\":[\"https:\/\/garbanota.lt\/en\/product\/handbag-jungle\/\"]}]},{\"@type\":\"ImageObject\",\"inLanguage\":\"en-US\",\"@id\":\"https:\/\/garbanota.lt\/en\/product\/handbag-jungle\/#primaryimage\",\"url\":\"https:\/\/garbanota.lt\/wp-content\/uploads\/2022\/10\/0-02-0a-6a03aa27a30df8e0c21bc58ee59efd3ffc9b5dce14303bc87691537b3be3fcd6_fdaa7db.jpg\",\"contentUrl\":\"https:\/\/garbanota.lt\/wp-content\/uploads\/2022\/10\/0-02-0a-6a03aa27a30df8e0c21bc58ee59efd3ffc9b5dce14303bc87691537b3be3fcd6_fdaa7db.jpg\",\"width\":1600,\"height\":1067},{\"@type\":\"BreadcrumbList\",\"@id\":\"https:\/\/garbanota.lt\/en\/product\/handbag-jungle\/#breadcrumb\",\"itemListElement\":[{\"@type\":\"ListItem\",\"position\":1,\"name\":\"Home\",\"item\":\"https:\/\/garbanota.lt\/en\/\"},{\"@type\":\"ListItem\",\"position\":2,\"name\":\"Parduotuv\u0117\",\"item\":\"https:\/\/garbanota.lt\/parduotuve\/\"},{\"@type\":\"ListItem\",\"position\":3,\"name\":\"Handbag Jungle\"}]},{\"@type\":\"WebSite\",\"@id\":\"https:\/\/garbanota.lt\/en\/#website\",\"url\":\"https:\/\/garbanota.lt\/en\/\",\"name\":\"Autorini\u0173 Garbanota gamini\u0173 e-parduotuv\u0117\",\"description\":\"Kuprin\u0117s, rankinukai, rankin\u0117s, kosmetin\u0117s, kelioniniai krep\u0161iai, rank\u0161luos\u010diai, puodeliai, telefon\u0173 d\u0117kliukai ir kt. gaminiai\",\"potentialAction\":[{\"@type\":\"SearchAction\",\"target\":{\"@type\":\"EntryPoint\",\"urlTemplate\":\"https:\/\/garbanota.lt\/en\/?s={search_term_string}\"},\"query-input\":{\"@type\":\"PropertyValueSpecification\",\"valueRequired\":true,\"valueName\":\"search_term_string\"}}],\"inLanguage\":\"en-US\"}]}<\/script>\n<!-- \/ Yoast SEO plugin. -->","yoast_head_json":{"title":"Handbag Jungle - Autorini\u0173 Garbanota gamini\u0173 e-parduotuv\u0117","robots":{"index":"index","follow":"follow","max-snippet":"max-snippet:-1","max-image-preview":"max-image-preview:large","max-video-preview":"max-video-preview:-1"},"canonical":"https:\/\/garbanota.lt\/en\/product\/handbag-jungle\/","og_locale":"en_US","og_type":"article","og_title":"Handbag Jungle - Autorini\u0173 Garbanota gamini\u0173 e-parduotuv\u0117","og_url":"https:\/\/garbanota.lt\/en\/product\/handbag-jungle\/","og_site_name":"Autorini\u0173 Garbanota gamini\u0173 e-parduotuv\u0117","article_modified_time":"2022-10-23T20:03:45+00:00","og_image":[{"width":1600,"height":1067,"url":"https:\/\/garbanota.lt\/wp-content\/uploads\/2022\/10\/0-02-0a-6a03aa27a30df8e0c21bc58ee59efd3ffc9b5dce14303bc87691537b3be3fcd6_fdaa7db.jpg","type":"image\/jpeg"}],"twitter_card":"summary_large_image","twitter_description":"[html_block id=\"12280\"]","schema":{"@context":"https:\/\/schema.org","@graph":[{"@type":"WebPage","@id":"https:\/\/garbanota.lt\/en\/product\/handbag-jungle\/","url":"https:\/\/garbanota.lt\/en\/product\/handbag-jungle\/","name":"Handbag Jungle - Autorini\u0173 Garbanota gamini\u0173 e-parduotuv\u0117","isPartOf":{"@id":"https:\/\/garbanota.lt\/en\/#website"},"primaryImageOfPage":{"@id":"https:\/\/garbanota.lt\/en\/product\/handbag-jungle\/#primaryimage"},"image":{"@id":"https:\/\/garbanota.lt\/en\/product\/handbag-jungle\/#primaryimage"},"thumbnailUrl":"https:\/\/garbanota.lt\/wp-content\/uploads\/2022\/10\/0-02-0a-6a03aa27a30df8e0c21bc58ee59efd3ffc9b5dce14303bc87691537b3be3fcd6_fdaa7db.jpg","datePublished":"2022-10-03T12:35:18+00:00","dateModified":"2022-10-23T20:03:45+00:00","breadcrumb":{"@id":"https:\/\/garbanota.lt\/en\/product\/handbag-jungle\/#breadcrumb"},"inLanguage":"en-US","potentialAction":[{"@type":"ReadAction","target":["https:\/\/garbanota.lt\/en\/product\/handbag-jungle\/"]}]},{"@type":"ImageObject","inLanguage":"en-US","@id":"https:\/\/garbanota.lt\/en\/product\/handbag-jungle\/#primaryimage","url":"https:\/\/garbanota.lt\/wp-content\/uploads\/2022\/10\/0-02-0a-6a03aa27a30df8e0c21bc58ee59efd3ffc9b5dce14303bc87691537b3be3fcd6_fdaa7db.jpg","contentUrl":"https:\/\/garbanota.lt\/wp-content\/uploads\/2022\/10\/0-02-0a-6a03aa27a30df8e0c21bc58ee59efd3ffc9b5dce14303bc87691537b3be3fcd6_fdaa7db.jpg","width":1600,"height":1067},{"@type":"BreadcrumbList","@id":"https:\/\/garbanota.lt\/en\/product\/handbag-jungle\/#breadcrumb","itemListElement":[{"@type":"ListItem","position":1,"name":"Home","item":"https:\/\/garbanota.lt\/en\/"},{"@type":"ListItem","position":2,"name":"Parduotuv\u0117","item":"https:\/\/garbanota.lt\/parduotuve\/"},{"@type":"ListItem","position":3,"name":"Handbag Jungle"}]},{"@type":"WebSite","@id":"https:\/\/garbanota.lt\/en\/#website","url":"https:\/\/garbanota.lt\/en\/","name":"Autorini\u0173 Garbanota gamini\u0173 e-parduotuv\u0117","description":"Kuprin\u0117s, rankinukai, rankin\u0117s, kosmetin\u0117s, kelioniniai krep\u0161iai, rank\u0161luos\u010diai, puodeliai, telefon\u0173 d\u0117kliukai ir kt. gaminiai","potentialAction":[{"@type":"SearchAction","target":{"@type":"EntryPoint","urlTemplate":"https:\/\/garbanota.lt\/en\/?s={search_term_string}"},"query-input":{"@type":"PropertyValueSpecification","valueRequired":true,"valueName":"search_term_string"}}],"inLanguage":"en-US"}]}},"_links":{"self":[{"href":"https:\/\/garbanota.lt\/en\/wp-json\/wp\/v2\/product\/42104"}],"collection":[{"href":"https:\/\/garbanota.lt\/en\/wp-json\/wp\/v2\/product"}],"about":[{"href":"https:\/\/garbanota.lt\/en\/wp-json\/wp\/v2\/types\/product"}],"replies":[{"embeddable":true,"href":"https:\/\/garbanota.lt\/en\/wp-json\/wp\/v2\/comments?post=42104"}],"version-history":[{"count":3,"href":"https:\/\/garbanota.lt\/en\/wp-json\/wp\/v2\/product\/42104\/revisions"}],"predecessor-version":[{"id":42107,"href":"https:\/\/garbanota.lt\/en\/wp-json\/wp\/v2\/product\/42104\/revisions\/42107"}],"wp:featuredmedia":[{"embeddable":true,"href":"https:\/\/garbanota.lt\/en\/wp-json\/wp\/v2\/media\/16502"}],"wp:attachment":[{"href":"https:\/\/garbanota.lt\/en\/wp-json\/wp\/v2\/media?parent=42104"}],"wp:term":[{"taxonomy":"product_brand","embeddable":true,"href":"https:\/\/garbanota.lt\/en\/wp-json\/wp\/v2\/product_brand?post=42104"},{"taxonomy":"product_cat","embeddable":true,"href":"https:\/\/garbanota.lt\/en\/wp-json\/wp\/v2\/product_cat?post=42104"},{"taxonomy":"product_tag","embeddable":true,"href":"https:\/\/garbanota.lt\/en\/wp-json\/wp\/v2\/product_tag?post=42104"},{"taxonomy":"giftcard-category","embeddable":true,"href":"https:\/\/garbanota.lt\/en\/wp-json\/wp\/v2\/giftcard-category?post=42104"}],"curies":[{"name":"wp","href":"https:\/\/api.w.org\/{rel}","templated":true}]}}