{"id":41966,"date":"2022-10-03T15:35:03","date_gmt":"2022-10-03T12:35:03","guid":{"rendered":"https:\/\/new.garbanota.lt\/?post_type=product&#038;p=41966"},"modified":"2022-10-23T19:51:46","modified_gmt":"2022-10-23T19:51:46","slug":"kids-fanny-pack-margo-pink","status":"publish","type":"product","link":"https:\/\/garbanota.lt\/en\/product\/kids-fanny-pack-margo-pink\/","title":{"rendered":"Kids fanny pack Margo, pink"},"content":{"rendered":"\t\t<div data-elementor-type=\"wp-post\" data-elementor-id=\"12854\" class=\"elementor elementor-12854 elementor-12294\">\n\t\t\t\t\t\t<section class=\"wd-negative-gap elementor-section elementor-top-section elementor-element elementor-element-6262d5c5 elementor-section-boxed elementor-section-height-default elementor-section-height-default\" data-id=\"6262d5c5\" data-element_type=\"section\">\n\t\t\t\t\t\t<div class=\"elementor-container elementor-column-gap-default\">\n\t\t\t\t\t<div class=\"elementor-column elementor-col-100 elementor-top-column elementor-element elementor-element-f49e58f\" data-id=\"f49e58f\" data-element_type=\"column\">\n\t\t\t<div class=\"elementor-widget-wrap elementor-element-populated\">\n\t\t\t\t\t\t<div class=\"elementor-element elementor-element-55050f86 color-scheme-inherit text-left elementor-widget elementor-widget-text-editor\" data-id=\"55050f86\" data-element_type=\"widget\" data-widget_type=\"text-editor.default\">\n\t\t\t\t<div class=\"elementor-widget-container\">\n\t\t\t\t\t\t\t\t\tBelt length 60-105 cm\nFabric 100% polyester. Velour, resembling velvet. Soft, gentle, well washable at 30 \u00b0 C\t\t\t\t\t\t\t\t<\/div>\n\t\t\t\t<\/div>\n\t\t\t\t\t<\/div>\n\t\t<\/div>\n\t\t\t\t\t<\/div>\n\t\t<\/section>\n\t\t\t\t<section class=\"wd-negative-gap elementor-section elementor-top-section elementor-element elementor-element-5ace75e elementor-section-boxed elementor-section-height-default elementor-section-height-default\" data-id=\"5ace75e\" data-element_type=\"section\">\n\t\t\t\t\t\t<div class=\"elementor-container elementor-column-gap-default\">\n\t\t\t\t\t<div class=\"elementor-column elementor-col-100 elementor-top-column elementor-element elementor-element-2353f7a\" data-id=\"2353f7a\" data-element_type=\"column\">\n\t\t\t<div class=\"elementor-widget-wrap elementor-element-populated\">\n\t\t\t\t\t\t<div class=\"elementor-element elementor-element-70fc4d7 wd-width-100 elementor-widget elementor-widget-wd_images_gallery\" data-id=\"70fc4d7\" data-element_type=\"widget\" data-widget_type=\"wd_images_gallery.default\">\n\t\t\t\t<div class=\"elementor-widget-container\">\n\t\t\t\t\t\t\t<div class=\"wd-images-gallery photoswipe-images\" style=\"--wd-align-items:center; --wd-justify-content:center;\">\n\t\t\t\t\t\t<div class=\"wd-grid-g\" style=\"--wd-col-lg:3;--wd-col-md:3;--wd-col-sm:1;--wd-gap-lg:0px;\" >\n\t\t\t\t\t\t\t\t\t\t\t\t\t\t\t\t\t\t<div class=\"wd-gallery-item wd-col\">\n\t\t\t\t\t\t\t\t\t\t\t\t\t<a  href=\"https:\/\/garbanota.lt\/wp-content\/uploads\/2022\/10\/kids-fanny-pack2-scaled-1.jpg\"data-width=\"2560\" data-height=\"1950\" data-index=\"1\" data-elementor-open-lightbox=\"no\">\n\t\t\t\t\t\t\n\t\t\t\t\t\t<img decoding=\"async\" src=\"https:\/\/garbanota.lt\/wp-content\/uploads\/2022\/10\/kids-fanny-pack2-scaled-1-1050x800.jpg\"alt=\"kids-fanny-pack2-scaled-1.jpg\">\n\t\t\t\t\t\t\t\t\t\t\t\t\t<\/a>\n\t\t\t\t\t\t\t\t\t\t\t<\/div>\n\t\t\t\t\t\t\t\t\t\t\t\t\t<\/div>\n\t\t\t\t\t<\/div>\n\t\t\t\t\t\t<\/div>\n\t\t\t\t<\/div>\n\t\t\t\t\t<\/div>\n\t\t<\/div>\n\t\t\t\t\t<\/div>\n\t\t<\/section>\n\t\t\t\t<\/div>\n\t\t\n","protected":false},"excerpt":{"rendered":"<p>[html_block id=\"12295\"] Kartu \u012fsigykite ir\u00a0<a href=\"https:\/\/garbanota.lt\/produktas\/kuprine-vaikams-lolita\/\">vaiki\u0161k\u0105 kuprin\u0119 Lolita.<\/a><\/p>\n","protected":false},"featured_media":16215,"comment_status":"open","ping_status":"closed","template":"","meta":[],"product_brand":[],"product_cat":[697,712],"product_tag":[],"giftcard-category":[],"class_list":{"0":"post-41966","1":"product","2":"type-product","3":"status-publish","4":"has-post-thumbnail","6":"product_cat-for-kids","7":"product_cat-fanny-packs-for-kids","9":"first","10":"instock","11":"taxable","12":"shipping-taxable","13":"purchasable","14":"product-type-simple"},"yoast_head":"<!-- This site is optimized with the Yoast SEO plugin v24.7 - https:\/\/yoast.com\/wordpress\/plugins\/seo\/ -->\n<title>Kids fanny pack Margo, pink - Autorini\u0173 Garbanota gamini\u0173 e-parduotuv\u0117<\/title>\n<meta name=\"robots\" content=\"index, follow, max-snippet:-1, max-image-preview:large, max-video-preview:-1\" \/>\n<link rel=\"canonical\" href=\"https:\/\/garbanota.lt\/en\/product\/kids-fanny-pack-margo-pink\/\" \/>\n<meta property=\"og:locale\" content=\"en_US\" \/>\n<meta property=\"og:type\" content=\"article\" \/>\n<meta property=\"og:title\" content=\"Kids fanny pack Margo, pink - Autorini\u0173 Garbanota gamini\u0173 e-parduotuv\u0117\" \/>\n<meta property=\"og:description\" content=\"Kartu \u012fsigykite ir\u00a0vaiki\u0161k\u0105 kuprin\u0119 Lolita.\" \/>\n<meta property=\"og:url\" content=\"https:\/\/garbanota.lt\/en\/product\/kids-fanny-pack-margo-pink\/\" \/>\n<meta property=\"og:site_name\" content=\"Autorini\u0173 Garbanota gamini\u0173 e-parduotuv\u0117\" \/>\n<meta property=\"article:modified_time\" content=\"2022-10-23T19:51:46+00:00\" \/>\n<meta property=\"og:image\" content=\"https:\/\/garbanota.lt\/wp-content\/uploads\/2022\/10\/MG_6254-scaled-1.jpg\" \/>\n\t<meta property=\"og:image:width\" content=\"1707\" \/>\n\t<meta property=\"og:image:height\" content=\"2560\" \/>\n\t<meta property=\"og:image:type\" content=\"image\/jpeg\" \/>\n<meta name=\"twitter:card\" content=\"summary_large_image\" \/>\n<script type=\"application\/ld+json\" class=\"yoast-schema-graph\">{\"@context\":\"https:\/\/schema.org\",\"@graph\":[{\"@type\":\"WebPage\",\"@id\":\"https:\/\/garbanota.lt\/en\/product\/kids-fanny-pack-margo-pink\/\",\"url\":\"https:\/\/garbanota.lt\/en\/product\/kids-fanny-pack-margo-pink\/\",\"name\":\"Kids fanny pack Margo, pink - Autorini\u0173 Garbanota gamini\u0173 e-parduotuv\u0117\",\"isPartOf\":{\"@id\":\"https:\/\/garbanota.lt\/en\/#website\"},\"primaryImageOfPage\":{\"@id\":\"https:\/\/garbanota.lt\/en\/product\/kids-fanny-pack-margo-pink\/#primaryimage\"},\"image\":{\"@id\":\"https:\/\/garbanota.lt\/en\/product\/kids-fanny-pack-margo-pink\/#primaryimage\"},\"thumbnailUrl\":\"https:\/\/garbanota.lt\/wp-content\/uploads\/2022\/10\/MG_6254-scaled-1.jpg\",\"datePublished\":\"2022-10-03T12:35:03+00:00\",\"dateModified\":\"2022-10-23T19:51:46+00:00\",\"breadcrumb\":{\"@id\":\"https:\/\/garbanota.lt\/en\/product\/kids-fanny-pack-margo-pink\/#breadcrumb\"},\"inLanguage\":\"en-US\",\"potentialAction\":[{\"@type\":\"ReadAction\",\"target\":[\"https:\/\/garbanota.lt\/en\/product\/kids-fanny-pack-margo-pink\/\"]}]},{\"@type\":\"ImageObject\",\"inLanguage\":\"en-US\",\"@id\":\"https:\/\/garbanota.lt\/en\/product\/kids-fanny-pack-margo-pink\/#primaryimage\",\"url\":\"https:\/\/garbanota.lt\/wp-content\/uploads\/2022\/10\/MG_6254-scaled-1.jpg\",\"contentUrl\":\"https:\/\/garbanota.lt\/wp-content\/uploads\/2022\/10\/MG_6254-scaled-1.jpg\",\"width\":1707,\"height\":2560},{\"@type\":\"BreadcrumbList\",\"@id\":\"https:\/\/garbanota.lt\/en\/product\/kids-fanny-pack-margo-pink\/#breadcrumb\",\"itemListElement\":[{\"@type\":\"ListItem\",\"position\":1,\"name\":\"Home\",\"item\":\"https:\/\/garbanota.lt\/en\/\"},{\"@type\":\"ListItem\",\"position\":2,\"name\":\"Parduotuv\u0117\",\"item\":\"https:\/\/garbanota.lt\/parduotuve\/\"},{\"@type\":\"ListItem\",\"position\":3,\"name\":\"Kids fanny pack Margo, pink\"}]},{\"@type\":\"WebSite\",\"@id\":\"https:\/\/garbanota.lt\/en\/#website\",\"url\":\"https:\/\/garbanota.lt\/en\/\",\"name\":\"Autorini\u0173 Garbanota gamini\u0173 e-parduotuv\u0117\",\"description\":\"Kuprin\u0117s, rankinukai, rankin\u0117s, kosmetin\u0117s, kelioniniai krep\u0161iai, rank\u0161luos\u010diai, puodeliai, telefon\u0173 d\u0117kliukai ir kt. gaminiai\",\"potentialAction\":[{\"@type\":\"SearchAction\",\"target\":{\"@type\":\"EntryPoint\",\"urlTemplate\":\"https:\/\/garbanota.lt\/en\/?s={search_term_string}\"},\"query-input\":{\"@type\":\"PropertyValueSpecification\",\"valueRequired\":true,\"valueName\":\"search_term_string\"}}],\"inLanguage\":\"en-US\"}]}<\/script>\n<!-- \/ Yoast SEO plugin. -->","yoast_head_json":{"title":"Kids fanny pack Margo, pink - Autorini\u0173 Garbanota gamini\u0173 e-parduotuv\u0117","robots":{"index":"index","follow":"follow","max-snippet":"max-snippet:-1","max-image-preview":"max-image-preview:large","max-video-preview":"max-video-preview:-1"},"canonical":"https:\/\/garbanota.lt\/en\/product\/kids-fanny-pack-margo-pink\/","og_locale":"en_US","og_type":"article","og_title":"Kids fanny pack Margo, pink - Autorini\u0173 Garbanota gamini\u0173 e-parduotuv\u0117","og_description":"Kartu \u012fsigykite ir\u00a0vaiki\u0161k\u0105 kuprin\u0119 Lolita.","og_url":"https:\/\/garbanota.lt\/en\/product\/kids-fanny-pack-margo-pink\/","og_site_name":"Autorini\u0173 Garbanota gamini\u0173 e-parduotuv\u0117","article_modified_time":"2022-10-23T19:51:46+00:00","og_image":[{"width":1707,"height":2560,"url":"https:\/\/garbanota.lt\/wp-content\/uploads\/2022\/10\/MG_6254-scaled-1.jpg","type":"image\/jpeg"}],"twitter_card":"summary_large_image","schema":{"@context":"https:\/\/schema.org","@graph":[{"@type":"WebPage","@id":"https:\/\/garbanota.lt\/en\/product\/kids-fanny-pack-margo-pink\/","url":"https:\/\/garbanota.lt\/en\/product\/kids-fanny-pack-margo-pink\/","name":"Kids fanny pack Margo, pink - Autorini\u0173 Garbanota gamini\u0173 e-parduotuv\u0117","isPartOf":{"@id":"https:\/\/garbanota.lt\/en\/#website"},"primaryImageOfPage":{"@id":"https:\/\/garbanota.lt\/en\/product\/kids-fanny-pack-margo-pink\/#primaryimage"},"image":{"@id":"https:\/\/garbanota.lt\/en\/product\/kids-fanny-pack-margo-pink\/#primaryimage"},"thumbnailUrl":"https:\/\/garbanota.lt\/wp-content\/uploads\/2022\/10\/MG_6254-scaled-1.jpg","datePublished":"2022-10-03T12:35:03+00:00","dateModified":"2022-10-23T19:51:46+00:00","breadcrumb":{"@id":"https:\/\/garbanota.lt\/en\/product\/kids-fanny-pack-margo-pink\/#breadcrumb"},"inLanguage":"en-US","potentialAction":[{"@type":"ReadAction","target":["https:\/\/garbanota.lt\/en\/product\/kids-fanny-pack-margo-pink\/"]}]},{"@type":"ImageObject","inLanguage":"en-US","@id":"https:\/\/garbanota.lt\/en\/product\/kids-fanny-pack-margo-pink\/#primaryimage","url":"https:\/\/garbanota.lt\/wp-content\/uploads\/2022\/10\/MG_6254-scaled-1.jpg","contentUrl":"https:\/\/garbanota.lt\/wp-content\/uploads\/2022\/10\/MG_6254-scaled-1.jpg","width":1707,"height":2560},{"@type":"BreadcrumbList","@id":"https:\/\/garbanota.lt\/en\/product\/kids-fanny-pack-margo-pink\/#breadcrumb","itemListElement":[{"@type":"ListItem","position":1,"name":"Home","item":"https:\/\/garbanota.lt\/en\/"},{"@type":"ListItem","position":2,"name":"Parduotuv\u0117","item":"https:\/\/garbanota.lt\/parduotuve\/"},{"@type":"ListItem","position":3,"name":"Kids fanny pack Margo, pink"}]},{"@type":"WebSite","@id":"https:\/\/garbanota.lt\/en\/#website","url":"https:\/\/garbanota.lt\/en\/","name":"Autorini\u0173 Garbanota gamini\u0173 e-parduotuv\u0117","description":"Kuprin\u0117s, rankinukai, rankin\u0117s, kosmetin\u0117s, kelioniniai krep\u0161iai, rank\u0161luos\u010diai, puodeliai, telefon\u0173 d\u0117kliukai ir kt. gaminiai","potentialAction":[{"@type":"SearchAction","target":{"@type":"EntryPoint","urlTemplate":"https:\/\/garbanota.lt\/en\/?s={search_term_string}"},"query-input":{"@type":"PropertyValueSpecification","valueRequired":true,"valueName":"search_term_string"}}],"inLanguage":"en-US"}]}},"_links":{"self":[{"href":"https:\/\/garbanota.lt\/en\/wp-json\/wp\/v2\/product\/41966"}],"collection":[{"href":"https:\/\/garbanota.lt\/en\/wp-json\/wp\/v2\/product"}],"about":[{"href":"https:\/\/garbanota.lt\/en\/wp-json\/wp\/v2\/types\/product"}],"replies":[{"embeddable":true,"href":"https:\/\/garbanota.lt\/en\/wp-json\/wp\/v2\/comments?post=41966"}],"version-history":[{"count":2,"href":"https:\/\/garbanota.lt\/en\/wp-json\/wp\/v2\/product\/41966\/revisions"}],"predecessor-version":[{"id":41968,"href":"https:\/\/garbanota.lt\/en\/wp-json\/wp\/v2\/product\/41966\/revisions\/41968"}],"wp:featuredmedia":[{"embeddable":true,"href":"https:\/\/garbanota.lt\/en\/wp-json\/wp\/v2\/media\/16215"}],"wp:attachment":[{"href":"https:\/\/garbanota.lt\/en\/wp-json\/wp\/v2\/media?parent=41966"}],"wp:term":[{"taxonomy":"product_brand","embeddable":true,"href":"https:\/\/garbanota.lt\/en\/wp-json\/wp\/v2\/product_brand?post=41966"},{"taxonomy":"product_cat","embeddable":true,"href":"https:\/\/garbanota.lt\/en\/wp-json\/wp\/v2\/product_cat?post=41966"},{"taxonomy":"product_tag","embeddable":true,"href":"https:\/\/garbanota.lt\/en\/wp-json\/wp\/v2\/product_tag?post=41966"},{"taxonomy":"giftcard-category","embeddable":true,"href":"https:\/\/garbanota.lt\/en\/wp-json\/wp\/v2\/giftcard-category?post=41966"}],"curies":[{"name":"wp","href":"https:\/\/api.w.org\/{rel}","templated":true}]}}