{"id":40586,"date":"2022-10-03T15:33:03","date_gmt":"2022-10-03T12:33:03","guid":{"rendered":"https:\/\/new.garbanota.lt\/?post_type=product&#038;p=40586"},"modified":"2024-03-10T21:57:02","modified_gmt":"2024-03-10T19:57:02","slug":"matilda","status":"publish","type":"product","link":"https:\/\/garbanota.lt\/en\/product\/matilda\/","title":{"rendered":"Matilda"},"content":{"rendered":"","protected":false},"excerpt":{"rendered":"<div dir=\"auto\">60\u00d780cm;<\/div>\n<div dir=\"auto\">Akrilu tapytas paveikslas ant drob\u0117s;<\/div>\n<div dir=\"auto\"><\/div>\n<div dir=\"auto\">Mano tapyta grafika savita, bet tikiu, kad ras viet\u0105 kiekvienam moderniam interjere.<\/div>\n<div dir=\"auto\">Taip pat, jei patinka mano stilius ir turite daug vietos, mielai nud\u017eiuginsiu savo ranka pie\u0161tais <a href=\"https:\/\/garbanota.lt\/produktas\/grafika-ant-sienos-2\/\">grafikos pie\u0161iniais ant sienos.<\/a><\/div>\n","protected":false},"featured_media":13829,"comment_status":"open","ping_status":"closed","template":"","meta":[],"product_brand":[],"product_cat":[82],"product_tag":[],"giftcard-category":[],"class_list":{"0":"post-40586","1":"product","2":"type-product","3":"status-publish","4":"has-post-thumbnail","6":"product_cat-tapyti-paveikslai","8":"first","9":"instock","10":"taxable","11":"shipping-taxable","12":"purchasable","13":"product-type-simple"},"yoast_head":"<!-- This site is optimized with the Yoast SEO plugin v24.7 - https:\/\/yoast.com\/wordpress\/plugins\/seo\/ -->\n<title>Matilda - Autorini\u0173 Garbanota gamini\u0173 e-parduotuv\u0117<\/title>\n<meta name=\"robots\" content=\"index, follow, max-snippet:-1, max-image-preview:large, max-video-preview:-1\" \/>\n<link rel=\"canonical\" href=\"https:\/\/garbanota.lt\/en\/product\/matilda\/\" \/>\n<meta property=\"og:locale\" content=\"en_US\" \/>\n<meta property=\"og:type\" content=\"article\" \/>\n<meta property=\"og:title\" content=\"Matilda - Autorini\u0173 Garbanota gamini\u0173 e-parduotuv\u0117\" \/>\n<meta property=\"og:description\" content=\"60\u00d780cm; Akrilu tapytas paveikslas ant drob\u0117s;  Mano tapyta grafika savita, bet tikiu, kad ras viet\u0105 kiekvienam moderniam interjere. Taip pat, jei patinka mano stilius ir turite daug vietos, mielai nud\u017eiuginsiu savo ranka pie\u0161tais grafikos pie\u0161iniais ant sienos.\" \/>\n<meta property=\"og:url\" content=\"https:\/\/garbanota.lt\/en\/product\/matilda\/\" \/>\n<meta property=\"og:site_name\" content=\"Autorini\u0173 Garbanota gamini\u0173 e-parduotuv\u0117\" \/>\n<meta property=\"article:modified_time\" content=\"2024-03-10T19:57:02+00:00\" \/>\n<meta property=\"og:image\" content=\"https:\/\/garbanota.lt\/wp-content\/uploads\/2022\/10\/sketch-1540499359691.png\" \/>\n\t<meta property=\"og:image:width\" content=\"1009\" \/>\n\t<meta property=\"og:image:height\" content=\"720\" \/>\n\t<meta property=\"og:image:type\" content=\"image\/png\" \/>\n<meta name=\"twitter:card\" content=\"summary_large_image\" \/>\n<script type=\"application\/ld+json\" class=\"yoast-schema-graph\">{\"@context\":\"https:\/\/schema.org\",\"@graph\":[{\"@type\":\"WebPage\",\"@id\":\"https:\/\/garbanota.lt\/en\/product\/matilda\/\",\"url\":\"https:\/\/garbanota.lt\/en\/product\/matilda\/\",\"name\":\"Matilda - Autorini\u0173 Garbanota gamini\u0173 e-parduotuv\u0117\",\"isPartOf\":{\"@id\":\"https:\/\/garbanota.lt\/en\/#website\"},\"primaryImageOfPage\":{\"@id\":\"https:\/\/garbanota.lt\/en\/product\/matilda\/#primaryimage\"},\"image\":{\"@id\":\"https:\/\/garbanota.lt\/en\/product\/matilda\/#primaryimage\"},\"thumbnailUrl\":\"https:\/\/garbanota.lt\/wp-content\/uploads\/2022\/10\/sketch-1540499359691.png\",\"datePublished\":\"2022-10-03T12:33:03+00:00\",\"dateModified\":\"2024-03-10T19:57:02+00:00\",\"breadcrumb\":{\"@id\":\"https:\/\/garbanota.lt\/en\/product\/matilda\/#breadcrumb\"},\"inLanguage\":\"en-US\",\"potentialAction\":[{\"@type\":\"ReadAction\",\"target\":[\"https:\/\/garbanota.lt\/en\/product\/matilda\/\"]}]},{\"@type\":\"ImageObject\",\"inLanguage\":\"en-US\",\"@id\":\"https:\/\/garbanota.lt\/en\/product\/matilda\/#primaryimage\",\"url\":\"https:\/\/garbanota.lt\/wp-content\/uploads\/2022\/10\/sketch-1540499359691.png\",\"contentUrl\":\"https:\/\/garbanota.lt\/wp-content\/uploads\/2022\/10\/sketch-1540499359691.png\",\"width\":1009,\"height\":720},{\"@type\":\"BreadcrumbList\",\"@id\":\"https:\/\/garbanota.lt\/en\/product\/matilda\/#breadcrumb\",\"itemListElement\":[{\"@type\":\"ListItem\",\"position\":1,\"name\":\"Home\",\"item\":\"https:\/\/garbanota.lt\/en\/\"},{\"@type\":\"ListItem\",\"position\":2,\"name\":\"Parduotuv\u0117\",\"item\":\"https:\/\/garbanota.lt\/parduotuve\/\"},{\"@type\":\"ListItem\",\"position\":3,\"name\":\"Matilda\"}]},{\"@type\":\"WebSite\",\"@id\":\"https:\/\/garbanota.lt\/en\/#website\",\"url\":\"https:\/\/garbanota.lt\/en\/\",\"name\":\"Autorini\u0173 Garbanota gamini\u0173 e-parduotuv\u0117\",\"description\":\"Kuprin\u0117s, rankinukai, rankin\u0117s, kosmetin\u0117s, kelioniniai krep\u0161iai, rank\u0161luos\u010diai, puodeliai, telefon\u0173 d\u0117kliukai ir kt. gaminiai\",\"potentialAction\":[{\"@type\":\"SearchAction\",\"target\":{\"@type\":\"EntryPoint\",\"urlTemplate\":\"https:\/\/garbanota.lt\/en\/?s={search_term_string}\"},\"query-input\":{\"@type\":\"PropertyValueSpecification\",\"valueRequired\":true,\"valueName\":\"search_term_string\"}}],\"inLanguage\":\"en-US\"}]}<\/script>\n<!-- \/ Yoast SEO plugin. -->","yoast_head_json":{"title":"Matilda - Autorini\u0173 Garbanota gamini\u0173 e-parduotuv\u0117","robots":{"index":"index","follow":"follow","max-snippet":"max-snippet:-1","max-image-preview":"max-image-preview:large","max-video-preview":"max-video-preview:-1"},"canonical":"https:\/\/garbanota.lt\/en\/product\/matilda\/","og_locale":"en_US","og_type":"article","og_title":"Matilda - Autorini\u0173 Garbanota gamini\u0173 e-parduotuv\u0117","og_description":"60\u00d780cm; Akrilu tapytas paveikslas ant drob\u0117s;  Mano tapyta grafika savita, bet tikiu, kad ras viet\u0105 kiekvienam moderniam interjere. Taip pat, jei patinka mano stilius ir turite daug vietos, mielai nud\u017eiuginsiu savo ranka pie\u0161tais grafikos pie\u0161iniais ant sienos.","og_url":"https:\/\/garbanota.lt\/en\/product\/matilda\/","og_site_name":"Autorini\u0173 Garbanota gamini\u0173 e-parduotuv\u0117","article_modified_time":"2024-03-10T19:57:02+00:00","og_image":[{"width":1009,"height":720,"url":"https:\/\/garbanota.lt\/wp-content\/uploads\/2022\/10\/sketch-1540499359691.png","type":"image\/png"}],"twitter_card":"summary_large_image","schema":{"@context":"https:\/\/schema.org","@graph":[{"@type":"WebPage","@id":"https:\/\/garbanota.lt\/en\/product\/matilda\/","url":"https:\/\/garbanota.lt\/en\/product\/matilda\/","name":"Matilda - Autorini\u0173 Garbanota gamini\u0173 e-parduotuv\u0117","isPartOf":{"@id":"https:\/\/garbanota.lt\/en\/#website"},"primaryImageOfPage":{"@id":"https:\/\/garbanota.lt\/en\/product\/matilda\/#primaryimage"},"image":{"@id":"https:\/\/garbanota.lt\/en\/product\/matilda\/#primaryimage"},"thumbnailUrl":"https:\/\/garbanota.lt\/wp-content\/uploads\/2022\/10\/sketch-1540499359691.png","datePublished":"2022-10-03T12:33:03+00:00","dateModified":"2024-03-10T19:57:02+00:00","breadcrumb":{"@id":"https:\/\/garbanota.lt\/en\/product\/matilda\/#breadcrumb"},"inLanguage":"en-US","potentialAction":[{"@type":"ReadAction","target":["https:\/\/garbanota.lt\/en\/product\/matilda\/"]}]},{"@type":"ImageObject","inLanguage":"en-US","@id":"https:\/\/garbanota.lt\/en\/product\/matilda\/#primaryimage","url":"https:\/\/garbanota.lt\/wp-content\/uploads\/2022\/10\/sketch-1540499359691.png","contentUrl":"https:\/\/garbanota.lt\/wp-content\/uploads\/2022\/10\/sketch-1540499359691.png","width":1009,"height":720},{"@type":"BreadcrumbList","@id":"https:\/\/garbanota.lt\/en\/product\/matilda\/#breadcrumb","itemListElement":[{"@type":"ListItem","position":1,"name":"Home","item":"https:\/\/garbanota.lt\/en\/"},{"@type":"ListItem","position":2,"name":"Parduotuv\u0117","item":"https:\/\/garbanota.lt\/parduotuve\/"},{"@type":"ListItem","position":3,"name":"Matilda"}]},{"@type":"WebSite","@id":"https:\/\/garbanota.lt\/en\/#website","url":"https:\/\/garbanota.lt\/en\/","name":"Autorini\u0173 Garbanota gamini\u0173 e-parduotuv\u0117","description":"Kuprin\u0117s, rankinukai, rankin\u0117s, kosmetin\u0117s, kelioniniai krep\u0161iai, rank\u0161luos\u010diai, puodeliai, telefon\u0173 d\u0117kliukai ir kt. gaminiai","potentialAction":[{"@type":"SearchAction","target":{"@type":"EntryPoint","urlTemplate":"https:\/\/garbanota.lt\/en\/?s={search_term_string}"},"query-input":{"@type":"PropertyValueSpecification","valueRequired":true,"valueName":"search_term_string"}}],"inLanguage":"en-US"}]}},"_links":{"self":[{"href":"https:\/\/garbanota.lt\/en\/wp-json\/wp\/v2\/product\/40586"}],"collection":[{"href":"https:\/\/garbanota.lt\/en\/wp-json\/wp\/v2\/product"}],"about":[{"href":"https:\/\/garbanota.lt\/en\/wp-json\/wp\/v2\/types\/product"}],"replies":[{"embeddable":true,"href":"https:\/\/garbanota.lt\/en\/wp-json\/wp\/v2\/comments?post=40586"}],"version-history":[{"count":2,"href":"https:\/\/garbanota.lt\/en\/wp-json\/wp\/v2\/product\/40586\/revisions"}],"predecessor-version":[{"id":40588,"href":"https:\/\/garbanota.lt\/en\/wp-json\/wp\/v2\/product\/40586\/revisions\/40588"}],"wp:featuredmedia":[{"embeddable":true,"href":"https:\/\/garbanota.lt\/en\/wp-json\/wp\/v2\/media\/13829"}],"wp:attachment":[{"href":"https:\/\/garbanota.lt\/en\/wp-json\/wp\/v2\/media?parent=40586"}],"wp:term":[{"taxonomy":"product_brand","embeddable":true,"href":"https:\/\/garbanota.lt\/en\/wp-json\/wp\/v2\/product_brand?post=40586"},{"taxonomy":"product_cat","embeddable":true,"href":"https:\/\/garbanota.lt\/en\/wp-json\/wp\/v2\/product_cat?post=40586"},{"taxonomy":"product_tag","embeddable":true,"href":"https:\/\/garbanota.lt\/en\/wp-json\/wp\/v2\/product_tag?post=40586"},{"taxonomy":"giftcard-category","embeddable":true,"href":"https:\/\/garbanota.lt\/en\/wp-json\/wp\/v2\/giftcard-category?post=40586"}],"curies":[{"name":"wp","href":"https:\/\/api.w.org\/{rel}","templated":true}]}}