{"id":40495,"date":"2022-10-03T15:33:01","date_gmt":"2022-10-03T15:33:01","guid":{"rendered":"https:\/\/new.garbanota.lt\/?post_type=product&#038;p=40495"},"modified":"2022-10-23T17:47:30","modified_gmt":"2022-10-23T17:47:30","slug":"your-childs-footprints-butterfly-30x90-cm-3-4-kids","status":"publish","type":"product","link":"https:\/\/garbanota.lt\/en\/product\/your-childs-footprints-butterfly-30x90-cm-3-4-kids\/","title":{"rendered":"Your Child&#8217;s footprints Butterfly 30&#215;90 cm, 3-4 kids"},"content":{"rendered":"<h3> Butterfly kit: <\/h3>\n<ul>\n<li> Wooden frame wreathed in canvas with a unique drawn butterfly body <\/li>\n<li> Foot Paint <\/li>\n<li> Glitter <\/li>\n<li> Instructions illustrated with photos <\/li>\n<li> And I wrap it all as a gift <\/li>\n<\/ul>\n<h3> Acrylic paint included: <\/h3>\n<p>Acrylic paint based on water-based lacquer, has a great surface cover and has a slight odor. When dried, becomes waterproof, so \"Your child's butterfly\" will last long.<br \/>\nAcrylic paint dries quickly, so wash your feet well after drawing a butterfly.<\/p>\n\n","protected":false},"excerpt":{"rendered":"<p>Tinka 3-4 vaikam &#8211; 0 met\u0173 iki 42 dyd\u017eio p\u0117d\u0173 antspaudams (u\u017esakymo pastabose turite nurodyti koks vaik\u0173 am\u017eius ar p\u0117dos dydis, pagal tai pie\u0161iu drugeli\u0173 k\u016bnus). Tai vaik\u0173\/k\u016bdiki\u0173 p\u0117du\u010di\u0173 anstpaud\u0173 \u012fam\u017einimas ant drob\u0117s. Id\u0117ja \u2013 kaip kokybi\u0161kai praleisti laik\u0105 kartu su vaikais, \u0161eima. Drugelio pie\u0161imas leid\u017eia vaikam pasijausti svarbiem, nes j\u0173 p\u0117dut\u0117s tampa meno k\u016briniu. Pie\u0161k kartu su savo vaikais ir vaik\u0173 p\u0117du\u010di\u0173 antspaudai virs spalvingais drugeli\u0173 sparnais!<\/p>\n","protected":false},"featured_media":13651,"comment_status":"open","ping_status":"closed","template":"","meta":[],"product_brand":[],"product_cat":[700],"product_tag":[],"giftcard-category":[],"class_list":{"0":"post-40495","1":"product","2":"type-product","3":"status-publish","4":"has-post-thumbnail","6":"product_cat-your-childs-butterflies","8":"first","9":"instock","10":"taxable","11":"shipping-taxable","12":"purchasable","13":"product-type-variable"},"yoast_head":"<!-- This site is optimized with the Yoast SEO plugin v24.7 - https:\/\/yoast.com\/wordpress\/plugins\/seo\/ -->\n<title>Your Child&#039;s footprints Butterfly 30x90 cm, 3-4 kids - Autorini\u0173 Garbanota gamini\u0173 e-parduotuv\u0117<\/title>\n<meta name=\"robots\" content=\"index, follow, max-snippet:-1, max-image-preview:large, max-video-preview:-1\" \/>\n<link rel=\"canonical\" href=\"https:\/\/garbanota.lt\/en\/product\/your-childs-footprints-butterfly-30x90-cm-3-4-kids\/\" \/>\n<meta property=\"og:locale\" content=\"en_US\" \/>\n<meta property=\"og:type\" content=\"article\" \/>\n<meta property=\"og:title\" content=\"Your Child&#039;s footprints Butterfly 30x90 cm, 3-4 kids - Autorini\u0173 Garbanota gamini\u0173 e-parduotuv\u0117\" \/>\n<meta property=\"og:description\" content=\"Tinka 3-4 vaikam - 0 met\u0173 iki 42 dyd\u017eio p\u0117d\u0173 antspaudams (u\u017esakymo pastabose turite nurodyti koks vaik\u0173 am\u017eius ar p\u0117dos dydis, pagal tai pie\u0161iu drugeli\u0173 k\u016bnus). Tai vaik\u0173\/k\u016bdiki\u0173 p\u0117du\u010di\u0173 anstpaud\u0173 \u012fam\u017einimas ant drob\u0117s. Id\u0117ja \u2013 kaip kokybi\u0161kai praleisti laik\u0105 kartu su vaikais, \u0161eima. Drugelio pie\u0161imas leid\u017eia vaikam pasijausti svarbiem, nes j\u0173 p\u0117dut\u0117s tampa meno k\u016briniu. Pie\u0161k kartu su savo vaikais ir vaik\u0173 p\u0117du\u010di\u0173 antspaudai virs spalvingais drugeli\u0173 sparnais!\" \/>\n<meta property=\"og:url\" content=\"https:\/\/garbanota.lt\/en\/product\/your-childs-footprints-butterfly-30x90-cm-3-4-kids\/\" \/>\n<meta property=\"og:site_name\" content=\"Autorini\u0173 Garbanota gamini\u0173 e-parduotuv\u0117\" \/>\n<meta property=\"article:modified_time\" content=\"2022-10-23T17:47:30+00:00\" \/>\n<meta property=\"og:image\" content=\"https:\/\/garbanota.lt\/wp-content\/uploads\/2022\/10\/3-vaikam1.jpg\" \/>\n\t<meta property=\"og:image:width\" content=\"1620\" \/>\n\t<meta property=\"og:image:height\" content=\"1080\" \/>\n\t<meta property=\"og:image:type\" content=\"image\/jpeg\" \/>\n<meta name=\"twitter:card\" content=\"summary_large_image\" \/>\n<script type=\"application\/ld+json\" class=\"yoast-schema-graph\">{\"@context\":\"https:\/\/schema.org\",\"@graph\":[{\"@type\":\"WebPage\",\"@id\":\"https:\/\/garbanota.lt\/en\/product\/your-childs-footprints-butterfly-30x90-cm-3-4-kids\/\",\"url\":\"https:\/\/garbanota.lt\/en\/product\/your-childs-footprints-butterfly-30x90-cm-3-4-kids\/\",\"name\":\"Your Child's footprints Butterfly 30x90 cm, 3-4 kids - Autorini\u0173 Garbanota gamini\u0173 e-parduotuv\u0117\",\"isPartOf\":{\"@id\":\"https:\/\/garbanota.lt\/en\/#website\"},\"primaryImageOfPage\":{\"@id\":\"https:\/\/garbanota.lt\/en\/product\/your-childs-footprints-butterfly-30x90-cm-3-4-kids\/#primaryimage\"},\"image\":{\"@id\":\"https:\/\/garbanota.lt\/en\/product\/your-childs-footprints-butterfly-30x90-cm-3-4-kids\/#primaryimage\"},\"thumbnailUrl\":\"https:\/\/garbanota.lt\/wp-content\/uploads\/2022\/10\/3-vaikam1.jpg\",\"datePublished\":\"2022-10-03T15:33:01+00:00\",\"dateModified\":\"2022-10-23T17:47:30+00:00\",\"breadcrumb\":{\"@id\":\"https:\/\/garbanota.lt\/en\/product\/your-childs-footprints-butterfly-30x90-cm-3-4-kids\/#breadcrumb\"},\"inLanguage\":\"en-US\",\"potentialAction\":[{\"@type\":\"ReadAction\",\"target\":[\"https:\/\/garbanota.lt\/en\/product\/your-childs-footprints-butterfly-30x90-cm-3-4-kids\/\"]}]},{\"@type\":\"ImageObject\",\"inLanguage\":\"en-US\",\"@id\":\"https:\/\/garbanota.lt\/en\/product\/your-childs-footprints-butterfly-30x90-cm-3-4-kids\/#primaryimage\",\"url\":\"https:\/\/garbanota.lt\/wp-content\/uploads\/2022\/10\/3-vaikam1.jpg\",\"contentUrl\":\"https:\/\/garbanota.lt\/wp-content\/uploads\/2022\/10\/3-vaikam1.jpg\",\"width\":1620,\"height\":1080},{\"@type\":\"BreadcrumbList\",\"@id\":\"https:\/\/garbanota.lt\/en\/product\/your-childs-footprints-butterfly-30x90-cm-3-4-kids\/#breadcrumb\",\"itemListElement\":[{\"@type\":\"ListItem\",\"position\":1,\"name\":\"Home\",\"item\":\"https:\/\/garbanota.lt\/en\/\"},{\"@type\":\"ListItem\",\"position\":2,\"name\":\"Parduotuv\u0117\",\"item\":\"https:\/\/garbanota.lt\/parduotuve\/\"},{\"@type\":\"ListItem\",\"position\":3,\"name\":\"Your Child&#8217;s footprints Butterfly 30&#215;90 cm, 3-4 kids\"}]},{\"@type\":\"WebSite\",\"@id\":\"https:\/\/garbanota.lt\/en\/#website\",\"url\":\"https:\/\/garbanota.lt\/en\/\",\"name\":\"Autorini\u0173 Garbanota gamini\u0173 e-parduotuv\u0117\",\"description\":\"Kuprin\u0117s, rankinukai, rankin\u0117s, kosmetin\u0117s, kelioniniai krep\u0161iai, rank\u0161luos\u010diai, puodeliai, telefon\u0173 d\u0117kliukai ir kt. gaminiai\",\"potentialAction\":[{\"@type\":\"SearchAction\",\"target\":{\"@type\":\"EntryPoint\",\"urlTemplate\":\"https:\/\/garbanota.lt\/en\/?s={search_term_string}\"},\"query-input\":{\"@type\":\"PropertyValueSpecification\",\"valueRequired\":true,\"valueName\":\"search_term_string\"}}],\"inLanguage\":\"en-US\"}]}<\/script>\n<!-- \/ Yoast SEO plugin. -->","yoast_head_json":{"title":"Your Child's footprints Butterfly 30x90 cm, 3-4 kids - Autorini\u0173 Garbanota gamini\u0173 e-parduotuv\u0117","robots":{"index":"index","follow":"follow","max-snippet":"max-snippet:-1","max-image-preview":"max-image-preview:large","max-video-preview":"max-video-preview:-1"},"canonical":"https:\/\/garbanota.lt\/en\/product\/your-childs-footprints-butterfly-30x90-cm-3-4-kids\/","og_locale":"en_US","og_type":"article","og_title":"Your Child's footprints Butterfly 30x90 cm, 3-4 kids - Autorini\u0173 Garbanota gamini\u0173 e-parduotuv\u0117","og_description":"Tinka 3-4 vaikam - 0 met\u0173 iki 42 dyd\u017eio p\u0117d\u0173 antspaudams (u\u017esakymo pastabose turite nurodyti koks vaik\u0173 am\u017eius ar p\u0117dos dydis, pagal tai pie\u0161iu drugeli\u0173 k\u016bnus). Tai vaik\u0173\/k\u016bdiki\u0173 p\u0117du\u010di\u0173 anstpaud\u0173 \u012fam\u017einimas ant drob\u0117s. Id\u0117ja \u2013 kaip kokybi\u0161kai praleisti laik\u0105 kartu su vaikais, \u0161eima. Drugelio pie\u0161imas leid\u017eia vaikam pasijausti svarbiem, nes j\u0173 p\u0117dut\u0117s tampa meno k\u016briniu. Pie\u0161k kartu su savo vaikais ir vaik\u0173 p\u0117du\u010di\u0173 antspaudai virs spalvingais drugeli\u0173 sparnais!","og_url":"https:\/\/garbanota.lt\/en\/product\/your-childs-footprints-butterfly-30x90-cm-3-4-kids\/","og_site_name":"Autorini\u0173 Garbanota gamini\u0173 e-parduotuv\u0117","article_modified_time":"2022-10-23T17:47:30+00:00","og_image":[{"width":1620,"height":1080,"url":"https:\/\/garbanota.lt\/wp-content\/uploads\/2022\/10\/3-vaikam1.jpg","type":"image\/jpeg"}],"twitter_card":"summary_large_image","schema":{"@context":"https:\/\/schema.org","@graph":[{"@type":"WebPage","@id":"https:\/\/garbanota.lt\/en\/product\/your-childs-footprints-butterfly-30x90-cm-3-4-kids\/","url":"https:\/\/garbanota.lt\/en\/product\/your-childs-footprints-butterfly-30x90-cm-3-4-kids\/","name":"Your Child's footprints Butterfly 30x90 cm, 3-4 kids - Autorini\u0173 Garbanota gamini\u0173 e-parduotuv\u0117","isPartOf":{"@id":"https:\/\/garbanota.lt\/en\/#website"},"primaryImageOfPage":{"@id":"https:\/\/garbanota.lt\/en\/product\/your-childs-footprints-butterfly-30x90-cm-3-4-kids\/#primaryimage"},"image":{"@id":"https:\/\/garbanota.lt\/en\/product\/your-childs-footprints-butterfly-30x90-cm-3-4-kids\/#primaryimage"},"thumbnailUrl":"https:\/\/garbanota.lt\/wp-content\/uploads\/2022\/10\/3-vaikam1.jpg","datePublished":"2022-10-03T15:33:01+00:00","dateModified":"2022-10-23T17:47:30+00:00","breadcrumb":{"@id":"https:\/\/garbanota.lt\/en\/product\/your-childs-footprints-butterfly-30x90-cm-3-4-kids\/#breadcrumb"},"inLanguage":"en-US","potentialAction":[{"@type":"ReadAction","target":["https:\/\/garbanota.lt\/en\/product\/your-childs-footprints-butterfly-30x90-cm-3-4-kids\/"]}]},{"@type":"ImageObject","inLanguage":"en-US","@id":"https:\/\/garbanota.lt\/en\/product\/your-childs-footprints-butterfly-30x90-cm-3-4-kids\/#primaryimage","url":"https:\/\/garbanota.lt\/wp-content\/uploads\/2022\/10\/3-vaikam1.jpg","contentUrl":"https:\/\/garbanota.lt\/wp-content\/uploads\/2022\/10\/3-vaikam1.jpg","width":1620,"height":1080},{"@type":"BreadcrumbList","@id":"https:\/\/garbanota.lt\/en\/product\/your-childs-footprints-butterfly-30x90-cm-3-4-kids\/#breadcrumb","itemListElement":[{"@type":"ListItem","position":1,"name":"Home","item":"https:\/\/garbanota.lt\/en\/"},{"@type":"ListItem","position":2,"name":"Parduotuv\u0117","item":"https:\/\/garbanota.lt\/parduotuve\/"},{"@type":"ListItem","position":3,"name":"Your Child&#8217;s footprints Butterfly 30&#215;90 cm, 3-4 kids"}]},{"@type":"WebSite","@id":"https:\/\/garbanota.lt\/en\/#website","url":"https:\/\/garbanota.lt\/en\/","name":"Autorini\u0173 Garbanota gamini\u0173 e-parduotuv\u0117","description":"Kuprin\u0117s, rankinukai, rankin\u0117s, kosmetin\u0117s, kelioniniai krep\u0161iai, rank\u0161luos\u010diai, puodeliai, telefon\u0173 d\u0117kliukai ir kt. gaminiai","potentialAction":[{"@type":"SearchAction","target":{"@type":"EntryPoint","urlTemplate":"https:\/\/garbanota.lt\/en\/?s={search_term_string}"},"query-input":{"@type":"PropertyValueSpecification","valueRequired":true,"valueName":"search_term_string"}}],"inLanguage":"en-US"}]}},"_links":{"self":[{"href":"https:\/\/garbanota.lt\/en\/wp-json\/wp\/v2\/product\/40495"}],"collection":[{"href":"https:\/\/garbanota.lt\/en\/wp-json\/wp\/v2\/product"}],"about":[{"href":"https:\/\/garbanota.lt\/en\/wp-json\/wp\/v2\/types\/product"}],"replies":[{"embeddable":true,"href":"https:\/\/garbanota.lt\/en\/wp-json\/wp\/v2\/comments?post=40495"}],"version-history":[{"count":2,"href":"https:\/\/garbanota.lt\/en\/wp-json\/wp\/v2\/product\/40495\/revisions"}],"predecessor-version":[{"id":40497,"href":"https:\/\/garbanota.lt\/en\/wp-json\/wp\/v2\/product\/40495\/revisions\/40497"}],"wp:featuredmedia":[{"embeddable":true,"href":"https:\/\/garbanota.lt\/en\/wp-json\/wp\/v2\/media\/13651"}],"wp:attachment":[{"href":"https:\/\/garbanota.lt\/en\/wp-json\/wp\/v2\/media?parent=40495"}],"wp:term":[{"taxonomy":"product_brand","embeddable":true,"href":"https:\/\/garbanota.lt\/en\/wp-json\/wp\/v2\/product_brand?post=40495"},{"taxonomy":"product_cat","embeddable":true,"href":"https:\/\/garbanota.lt\/en\/wp-json\/wp\/v2\/product_cat?post=40495"},{"taxonomy":"product_tag","embeddable":true,"href":"https:\/\/garbanota.lt\/en\/wp-json\/wp\/v2\/product_tag?post=40495"},{"taxonomy":"giftcard-category","embeddable":true,"href":"https:\/\/garbanota.lt\/en\/wp-json\/wp\/v2\/giftcard-category?post=40495"}],"curies":[{"name":"wp","href":"https:\/\/api.w.org\/{rel}","templated":true}]}}