{"id":48882,"date":"2022-09-11T09:14:38","date_gmt":"2022-09-11T06:14:38","guid":{"rendered":"https:\/\/new.garbanota.lt\/shipping-and-returns-policy\/"},"modified":"2023-01-31T20:39:37","modified_gmt":"2023-01-31T20:39:37","slug":"shipping-and-returns-policy","status":"publish","type":"page","link":"https:\/\/garbanota.lt\/en\/shipping-and-returns-policy\/","title":{"rendered":"Shipping and Returns Policy"},"content":{"rendered":"<p><strong>Delivery<\/strong>:<br\/> <br\/>We deliver goods in cooperation with the reliable OMNIVA team and the Lithuanian Post.<br\/>Shipping costs in Lithuania are automatically added to the invoice<br\/> <br\/><strong>Delivery in Lithuania<\/strong>:<br\/>Introducing OMNIVA<br\/>Delivery to Curonian Spit may take longer &#8211; when sending by Lithuanian Post<br\/> <br\/>Delivery to Curonian Spit costs 11,6 \u20ac extra with OMNIVA or normally by Lithuanian post. If you choose delivery to Curonian Spit, the delivery will be sent to the e-mail address you specify. we will invoice you for the shipping costs in addition to the postal address. If you do not pay this invoice within 30 days, your order will be cancelled and your money will be refunded.  <br\/> <br\/>Delivery in European countries costs \u20ac8. If you choose delivery to other countries, the delivery cost is not included in the order amount. To help us find the best option, we will assess the dimensions and weight of the parcel and send an email to your email address. we will invoice you for the shipping costs in addition to the postal address. If you do not pay this invoice within 30 days, your order will be cancelled and your money will be refunded.<\/p><p><strong>Delivery time<\/strong>: if the product is in stock, we will dispatch your order within a few working days of receiving payment. If production is required, the order will be processed within 5-21 working days<br\/>Delivery times vary by region.<br\/> <br\/>We keep all orders for 30 calendar days.<br\/> <br\/>If you need to keep it longer, please contact <a href=\"mailto:dovile@garbanota.lt\" target=\"_blank\" rel=\"noreferrer noopener\">dovile@garbanota.lt<\/a> or call 864675420, otherwise we will contact you ourselves.<br\/> <br\/><strong>Repayment:<\/strong><br\/> <br\/>If you don&#8217;t like or like the product, you can return it within 30 calendar days. In this case, the goods must be unused, undamaged and in the same condition as you received them. When you send it to us &#8211; please quote your order number and tell us why you want to return it, so we know where we need to improve. The buyer is responsible for the shipping costs of the returned item(s).<br\/> <br\/>You can refuse an item even if the order has not yet been placed. In this case, please email <a href=\"mailto:dovile@garbanota.lt\" target=\"_blank\" rel=\"noreferrer noopener\">dovile@garbanota.lt<\/a> or call 864675420<br\/> <br\/>We will cancel the order and refund your money if you have already paid.<br\/> <br\/>If you have received a product that is of poor quality or has been damaged during delivery, please contact garbanota and we will help you find the best solution for you. You decide whether the product should be repaired, replaced with a product of the same quality, exchanged with another product or refunded.<br\/> <br\/><strong>Returns via post offices:<\/strong><br\/>Dovil\u0117 Alekson\u0117<br\/>Tel: +37064675420<br\/>DPD, Raudondvaris, IKI, Kauno r.<\/p><p>Omniva Raudondvario IKI, Kauno r.<\/p><p>LP Expres Raudondvario IKI, Kauno r.<\/p><p>We undertake to refund your money within 14 days after you inform us of the return.<br\/>If we receive goods that are not to your liking, we will refund your money by bank transfer to the account from which you paid, or to the account you specified if you paid cash by courier.<br\/>If you are unsure about returning a purchased product, you can find more information at <a href=\"http:\/\/www.vartotojucentras.lt\/straipsnis_ist.php?ist=25\" target=\"_blank\" rel=\"noreferrer noopener\"><wbr>http:\/\/www.vartotojucentras.lt\/straipsnis_ist.php?ist=25<\/wbr><\/a> <a href=\"http:\/\/www.vartotojucentras.lt\/straipsnis_ist.php?ist=25\" target=\"_blank\" rel=\"noreferrer noopener\"><wbr\/><\/a> <a href=\"http:\/\/www.vartotojucentras.lt\/straipsnis_ist.php?ist=25\" target=\"_blank\" rel=\"noreferrer noopener\"><wbr>.<\/wbr><\/a><br\/>You can submit a request\/complaint about a product or service purchased in our online shop to the State Consumer Rights Protection Office (<a href=\"https:\/\/maps.google.com\/?q=Vilniaus+g.+25,+01402+Vilnius&amp;entry=gmail&amp;source=g\">Vilniaus str. 25, 01402 Vilnius<\/a>, el. p. <a href=\"mailto:tarnyba@vvtat.lt\" target=\"_blank\" rel=\"noreferrer noopener\">tarnyba@vvtat.lt,<\/a> tel. 852626751, on the website <a href=\"http:\/\/www.vvtat.lt\/\" target=\"_blank\" rel=\"noreferrer noopener\">www.vvtat.lt,<\/a> for its territorial units in the districts) or fill in the application form on the EGS platform <a href=\"http:\/\/ec.europa.eu\/odr\/\" target=\"_blank\" rel=\"noreferrer noopener\">http:\/\/ec.europa.eu\/odr\/<\/a><\/p><p><strong>Warranty.<\/strong><br\/>We also undertake to reimburse you at no extra charge or to replace or repair the goods within 2 years of purchase if they do not meet the quality requirements. t. y. the defect in the goods is not the fault of the buyer, nor is it due to wear and tear or improper maintenance.<\/p><p>If you have any further questions or requests, please contact <a href=\"mailto:dovile@garbanota.lt\" target=\"_blank\" rel=\"noreferrer noopener\">dovile@garbanota.lt<\/a> or call +370 6582 6535.<\/p><p>If the product is not covered by a quality guarantee, the consumer may bring a claim for defects in the product within 2 years of the date of purchase.<br\/> <br\/>With best wishes<br\/><\/p>","protected":false},"excerpt":{"rendered":"<p>Delivery: We deliver goods in cooperation with the reliable OMNIVA team and the Lithuanian Post.Shipping costs in Lithuania are automatically<\/p>\n","protected":false},"author":1,"featured_media":0,"parent":0,"menu_order":0,"comment_status":"closed","ping_status":"closed","template":"","meta":{"footnotes":""},"class_list":["post-48882","page","type-page","status-publish","hentry"],"yoast_head":"<!-- This site is optimized with the Yoast SEO plugin v24.7 - https:\/\/yoast.com\/wordpress\/plugins\/seo\/ -->\n<title>Shipping and Returns Policy - Autorini\u0173 Garbanota gamini\u0173 e-parduotuv\u0117<\/title>\n<meta name=\"robots\" content=\"index, follow, max-snippet:-1, max-image-preview:large, max-video-preview:-1\" \/>\n<link rel=\"canonical\" href=\"https:\/\/garbanota.lt\/en\/shipping-and-returns-policy\/\" \/>\n<meta property=\"og:locale\" content=\"en_US\" \/>\n<meta property=\"og:type\" content=\"article\" \/>\n<meta property=\"og:title\" content=\"Shipping and Returns Policy - Autorini\u0173 Garbanota gamini\u0173 e-parduotuv\u0117\" \/>\n<meta property=\"og:description\" content=\"Delivery: We deliver goods in cooperation with the reliable OMNIVA team and the Lithuanian Post.Shipping costs in Lithuania are automatically\" \/>\n<meta property=\"og:url\" content=\"https:\/\/garbanota.lt\/en\/shipping-and-returns-policy\/\" \/>\n<meta property=\"og:site_name\" content=\"Autorini\u0173 Garbanota gamini\u0173 e-parduotuv\u0117\" \/>\n<meta property=\"article:modified_time\" content=\"2023-01-31T20:39:37+00:00\" \/>\n<meta name=\"twitter:card\" content=\"summary_large_image\" \/>\n<meta name=\"twitter:label1\" content=\"Est. reading time\" \/>\n\t<meta name=\"twitter:data1\" content=\"3 minutes\" \/>\n<script type=\"application\/ld+json\" class=\"yoast-schema-graph\">{\"@context\":\"https:\/\/schema.org\",\"@graph\":[{\"@type\":\"WebPage\",\"@id\":\"https:\/\/garbanota.lt\/en\/shipping-and-returns-policy\/\",\"url\":\"https:\/\/garbanota.lt\/en\/shipping-and-returns-policy\/\",\"name\":\"Shipping and Returns Policy - Autorini\u0173 Garbanota gamini\u0173 e-parduotuv\u0117\",\"isPartOf\":{\"@id\":\"https:\/\/garbanota.lt\/en\/#website\"},\"datePublished\":\"2022-09-11T06:14:38+00:00\",\"dateModified\":\"2023-01-31T20:39:37+00:00\",\"breadcrumb\":{\"@id\":\"https:\/\/garbanota.lt\/en\/shipping-and-returns-policy\/#breadcrumb\"},\"inLanguage\":\"en-US\",\"potentialAction\":[{\"@type\":\"ReadAction\",\"target\":[\"https:\/\/garbanota.lt\/en\/shipping-and-returns-policy\/\"]}]},{\"@type\":\"BreadcrumbList\",\"@id\":\"https:\/\/garbanota.lt\/en\/shipping-and-returns-policy\/#breadcrumb\",\"itemListElement\":[{\"@type\":\"ListItem\",\"position\":1,\"name\":\"Home\",\"item\":\"https:\/\/garbanota.lt\/en\/\"},{\"@type\":\"ListItem\",\"position\":2,\"name\":\"Shipping and Returns Policy\"}]},{\"@type\":\"WebSite\",\"@id\":\"https:\/\/garbanota.lt\/en\/#website\",\"url\":\"https:\/\/garbanota.lt\/en\/\",\"name\":\"Autorini\u0173 Garbanota gamini\u0173 e-parduotuv\u0117\",\"description\":\"Kuprin\u0117s, rankinukai, rankin\u0117s, kosmetin\u0117s, kelioniniai krep\u0161iai, rank\u0161luos\u010diai, puodeliai, telefon\u0173 d\u0117kliukai ir kt. gaminiai\",\"potentialAction\":[{\"@type\":\"SearchAction\",\"target\":{\"@type\":\"EntryPoint\",\"urlTemplate\":\"https:\/\/garbanota.lt\/en\/?s={search_term_string}\"},\"query-input\":{\"@type\":\"PropertyValueSpecification\",\"valueRequired\":true,\"valueName\":\"search_term_string\"}}],\"inLanguage\":\"en-US\"}]}<\/script>\n<!-- \/ Yoast SEO plugin. -->","yoast_head_json":{"title":"Shipping and Returns Policy - Autorini\u0173 Garbanota gamini\u0173 e-parduotuv\u0117","robots":{"index":"index","follow":"follow","max-snippet":"max-snippet:-1","max-image-preview":"max-image-preview:large","max-video-preview":"max-video-preview:-1"},"canonical":"https:\/\/garbanota.lt\/en\/shipping-and-returns-policy\/","og_locale":"en_US","og_type":"article","og_title":"Shipping and Returns Policy - Autorini\u0173 Garbanota gamini\u0173 e-parduotuv\u0117","og_description":"Delivery: We deliver goods in cooperation with the reliable OMNIVA team and the Lithuanian Post.Shipping costs in Lithuania are automatically","og_url":"https:\/\/garbanota.lt\/en\/shipping-and-returns-policy\/","og_site_name":"Autorini\u0173 Garbanota gamini\u0173 e-parduotuv\u0117","article_modified_time":"2023-01-31T20:39:37+00:00","twitter_card":"summary_large_image","twitter_misc":{"Est. reading time":"3 minutes"},"schema":{"@context":"https:\/\/schema.org","@graph":[{"@type":"WebPage","@id":"https:\/\/garbanota.lt\/en\/shipping-and-returns-policy\/","url":"https:\/\/garbanota.lt\/en\/shipping-and-returns-policy\/","name":"Shipping and Returns Policy - Autorini\u0173 Garbanota gamini\u0173 e-parduotuv\u0117","isPartOf":{"@id":"https:\/\/garbanota.lt\/en\/#website"},"datePublished":"2022-09-11T06:14:38+00:00","dateModified":"2023-01-31T20:39:37+00:00","breadcrumb":{"@id":"https:\/\/garbanota.lt\/en\/shipping-and-returns-policy\/#breadcrumb"},"inLanguage":"en-US","potentialAction":[{"@type":"ReadAction","target":["https:\/\/garbanota.lt\/en\/shipping-and-returns-policy\/"]}]},{"@type":"BreadcrumbList","@id":"https:\/\/garbanota.lt\/en\/shipping-and-returns-policy\/#breadcrumb","itemListElement":[{"@type":"ListItem","position":1,"name":"Home","item":"https:\/\/garbanota.lt\/en\/"},{"@type":"ListItem","position":2,"name":"Shipping and Returns Policy"}]},{"@type":"WebSite","@id":"https:\/\/garbanota.lt\/en\/#website","url":"https:\/\/garbanota.lt\/en\/","name":"Autorini\u0173 Garbanota gamini\u0173 e-parduotuv\u0117","description":"Kuprin\u0117s, rankinukai, rankin\u0117s, kosmetin\u0117s, kelioniniai krep\u0161iai, rank\u0161luos\u010diai, puodeliai, telefon\u0173 d\u0117kliukai ir kt. gaminiai","potentialAction":[{"@type":"SearchAction","target":{"@type":"EntryPoint","urlTemplate":"https:\/\/garbanota.lt\/en\/?s={search_term_string}"},"query-input":{"@type":"PropertyValueSpecification","valueRequired":true,"valueName":"search_term_string"}}],"inLanguage":"en-US"}]}},"_links":{"self":[{"href":"https:\/\/garbanota.lt\/en\/wp-json\/wp\/v2\/pages\/48882"}],"collection":[{"href":"https:\/\/garbanota.lt\/en\/wp-json\/wp\/v2\/pages"}],"about":[{"href":"https:\/\/garbanota.lt\/en\/wp-json\/wp\/v2\/types\/page"}],"author":[{"embeddable":true,"href":"https:\/\/garbanota.lt\/en\/wp-json\/wp\/v2\/users\/1"}],"replies":[{"embeddable":true,"href":"https:\/\/garbanota.lt\/en\/wp-json\/wp\/v2\/comments?post=48882"}],"version-history":[{"count":1,"href":"https:\/\/garbanota.lt\/en\/wp-json\/wp\/v2\/pages\/48882\/revisions"}],"predecessor-version":[{"id":48883,"href":"https:\/\/garbanota.lt\/en\/wp-json\/wp\/v2\/pages\/48882\/revisions\/48883"}],"wp:attachment":[{"href":"https:\/\/garbanota.lt\/en\/wp-json\/wp\/v2\/media?parent=48882"}],"curies":[{"name":"wp","href":"https:\/\/api.w.org\/{rel}","templated":true}]}}