{"id":11777,"date":"2022-07-14T09:23:00","date_gmt":"2022-07-14T09:23:00","guid":{"rendered":"https:\/\/new.garbanota.lt\/?page_id=11777"},"modified":"2022-09-25T12:19:48","modified_gmt":"2022-09-25T12:19:48","slug":"shop","status":"publish","type":"page","link":"https:\/\/garbanota.lt\/en\/shop\/","title":{"rendered":"Shop"},"content":{"rendered":"","protected":false},"excerpt":{"rendered":"","protected":false},"author":1,"featured_media":0,"parent":0,"menu_order":0,"comment_status":"closed","ping_status":"closed","template":"","meta":{"footnotes":""},"class_list":["post-11777","page","type-page","status-publish","hentry"],"yoast_head":"<!-- This site is optimized with the Yoast SEO plugin v24.7 - https:\/\/yoast.com\/wordpress\/plugins\/seo\/ -->\n<title>Shop - Autorini\u0173 Garbanota gamini\u0173 e-parduotuv\u0117<\/title>\n<meta name=\"robots\" content=\"index, follow, max-snippet:-1, max-image-preview:large, max-video-preview:-1\" \/>\n<link rel=\"canonical\" href=\"https:\/\/garbanota.lt\/en\/shop\/\" \/>\n<meta property=\"og:locale\" content=\"en_US\" \/>\n<meta property=\"og:type\" content=\"article\" \/>\n<meta property=\"og:title\" content=\"Shop - Autorini\u0173 Garbanota gamini\u0173 e-parduotuv\u0117\" \/>\n<meta property=\"og:url\" content=\"https:\/\/garbanota.lt\/en\/shop\/\" \/>\n<meta property=\"og:site_name\" content=\"Autorini\u0173 Garbanota gamini\u0173 e-parduotuv\u0117\" \/>\n<meta property=\"article:modified_time\" content=\"2022-09-25T12:19:48+00:00\" \/>\n<meta name=\"twitter:card\" content=\"summary_large_image\" \/>\n<script type=\"application\/ld+json\" class=\"yoast-schema-graph\">{\"@context\":\"https:\/\/schema.org\",\"@graph\":[{\"@type\":\"WebPage\",\"@id\":\"https:\/\/garbanota.lt\/en\/shop\/\",\"url\":\"https:\/\/garbanota.lt\/en\/shop\/\",\"name\":\"Shop - Autorini\u0173 Garbanota gamini\u0173 e-parduotuv\u0117\",\"isPartOf\":{\"@id\":\"https:\/\/garbanota.lt\/en\/#website\"},\"datePublished\":\"2022-07-14T09:23:00+00:00\",\"dateModified\":\"2022-09-25T12:19:48+00:00\",\"breadcrumb\":{\"@id\":\"https:\/\/garbanota.lt\/en\/shop\/#breadcrumb\"},\"inLanguage\":\"en-US\",\"potentialAction\":[{\"@type\":\"ReadAction\",\"target\":[\"https:\/\/garbanota.lt\/en\/shop\/\"]}]},{\"@type\":\"BreadcrumbList\",\"@id\":\"https:\/\/garbanota.lt\/en\/shop\/#breadcrumb\",\"itemListElement\":[{\"@type\":\"ListItem\",\"position\":1,\"name\":\"Home\",\"item\":\"https:\/\/garbanota.lt\/en\/\"},{\"@type\":\"ListItem\",\"position\":2,\"name\":\"Shop\"}]},{\"@type\":\"WebSite\",\"@id\":\"https:\/\/garbanota.lt\/en\/#website\",\"url\":\"https:\/\/garbanota.lt\/en\/\",\"name\":\"Autorini\u0173 Garbanota gamini\u0173 e-parduotuv\u0117\",\"description\":\"Kuprin\u0117s, rankinukai, rankin\u0117s, kosmetin\u0117s, kelioniniai krep\u0161iai, rank\u0161luos\u010diai, puodeliai, telefon\u0173 d\u0117kliukai ir kt. gaminiai\",\"potentialAction\":[{\"@type\":\"SearchAction\",\"target\":{\"@type\":\"EntryPoint\",\"urlTemplate\":\"https:\/\/garbanota.lt\/en\/?s={search_term_string}\"},\"query-input\":{\"@type\":\"PropertyValueSpecification\",\"valueRequired\":true,\"valueName\":\"search_term_string\"}}],\"inLanguage\":\"en-US\"}]}<\/script>\n<!-- \/ Yoast SEO plugin. -->","yoast_head_json":{"title":"Shop - Autorini\u0173 Garbanota gamini\u0173 e-parduotuv\u0117","robots":{"index":"index","follow":"follow","max-snippet":"max-snippet:-1","max-image-preview":"max-image-preview:large","max-video-preview":"max-video-preview:-1"},"canonical":"https:\/\/garbanota.lt\/en\/shop\/","og_locale":"en_US","og_type":"article","og_title":"Shop - Autorini\u0173 Garbanota gamini\u0173 e-parduotuv\u0117","og_url":"https:\/\/garbanota.lt\/en\/shop\/","og_site_name":"Autorini\u0173 Garbanota gamini\u0173 e-parduotuv\u0117","article_modified_time":"2022-09-25T12:19:48+00:00","twitter_card":"summary_large_image","schema":{"@context":"https:\/\/schema.org","@graph":[{"@type":"WebPage","@id":"https:\/\/garbanota.lt\/en\/shop\/","url":"https:\/\/garbanota.lt\/en\/shop\/","name":"Shop - Autorini\u0173 Garbanota gamini\u0173 e-parduotuv\u0117","isPartOf":{"@id":"https:\/\/garbanota.lt\/en\/#website"},"datePublished":"2022-07-14T09:23:00+00:00","dateModified":"2022-09-25T12:19:48+00:00","breadcrumb":{"@id":"https:\/\/garbanota.lt\/en\/shop\/#breadcrumb"},"inLanguage":"en-US","potentialAction":[{"@type":"ReadAction","target":["https:\/\/garbanota.lt\/en\/shop\/"]}]},{"@type":"BreadcrumbList","@id":"https:\/\/garbanota.lt\/en\/shop\/#breadcrumb","itemListElement":[{"@type":"ListItem","position":1,"name":"Home","item":"https:\/\/garbanota.lt\/en\/"},{"@type":"ListItem","position":2,"name":"Shop"}]},{"@type":"WebSite","@id":"https:\/\/garbanota.lt\/en\/#website","url":"https:\/\/garbanota.lt\/en\/","name":"Autorini\u0173 Garbanota gamini\u0173 e-parduotuv\u0117","description":"Kuprin\u0117s, rankinukai, rankin\u0117s, kosmetin\u0117s, kelioniniai krep\u0161iai, rank\u0161luos\u010diai, puodeliai, telefon\u0173 d\u0117kliukai ir kt. gaminiai","potentialAction":[{"@type":"SearchAction","target":{"@type":"EntryPoint","urlTemplate":"https:\/\/garbanota.lt\/en\/?s={search_term_string}"},"query-input":{"@type":"PropertyValueSpecification","valueRequired":true,"valueName":"search_term_string"}}],"inLanguage":"en-US"}]}},"_links":{"self":[{"href":"https:\/\/garbanota.lt\/en\/wp-json\/wp\/v2\/pages\/11777"}],"collection":[{"href":"https:\/\/garbanota.lt\/en\/wp-json\/wp\/v2\/pages"}],"about":[{"href":"https:\/\/garbanota.lt\/en\/wp-json\/wp\/v2\/types\/page"}],"author":[{"embeddable":true,"href":"https:\/\/garbanota.lt\/en\/wp-json\/wp\/v2\/users\/1"}],"replies":[{"embeddable":true,"href":"https:\/\/garbanota.lt\/en\/wp-json\/wp\/v2\/comments?post=11777"}],"version-history":[{"count":0,"href":"https:\/\/garbanota.lt\/en\/wp-json\/wp\/v2\/pages\/11777\/revisions"}],"wp:attachment":[{"href":"https:\/\/garbanota.lt\/en\/wp-json\/wp\/v2\/media?parent=11777"}],"curies":[{"name":"wp","href":"https:\/\/api.w.org\/{rel}","templated":true}]}}